{"id":1358,"date":"2024-07-27T17:30:20","date_gmt":"2024-07-27T15:30:20","guid":{"rendered":"https:\/\/nicolasdelarre-photography.com\/?page_id=1358"},"modified":"2025-08-24T14:09:48","modified_gmt":"2025-08-24T12:09:48","slug":"etudes-graphiques","status":"publish","type":"page","link":"https:\/\/nicolasdelarre-photography.com\/?page_id=1358","title":{"rendered":"Photographisme"},"content":{"rendered":"<p>&nbsp;<\/p>\n<figure id=\"attachment_1723\" aria-describedby=\"caption-attachment-1723\" style=\"width: 506px\" class=\"wp-caption aligncenter\"><a href=\"https:\/\/nicolasdelarre-photography.com\/wp-content\/uploads\/2025\/08\/IMG_0127-Sortie-RAW-Details-fins-Nettete-10_02-scaled.jpg\"><img loading=\"lazy\" decoding=\"async\" class=\" wp-image-1723\" src=\"https:\/\/nicolasdelarre-photography.com\/wp-content\/uploads\/2025\/08\/IMG_0127-Sortie-RAW-Details-fins-Nettete-10_02-737x1024.jpg\" alt=\"'Aspersion' de Clarence Gu\u00e9na, expos\u00e9 \u00e0 la manufacture de Roubaix (2021).\" width=\"506\" height=\"703\" srcset=\"https:\/\/nicolasdelarre-photography.com\/wp-content\/uploads\/2025\/08\/IMG_0127-Sortie-RAW-Details-fins-Nettete-10_02-737x1024.jpg 737w, https:\/\/nicolasdelarre-photography.com\/wp-content\/uploads\/2025\/08\/IMG_0127-Sortie-RAW-Details-fins-Nettete-10_02-216x300.jpg 216w, https:\/\/nicolasdelarre-photography.com\/wp-content\/uploads\/2025\/08\/IMG_0127-Sortie-RAW-Details-fins-Nettete-10_02-768x1067.jpg 768w, https:\/\/nicolasdelarre-photography.com\/wp-content\/uploads\/2025\/08\/IMG_0127-Sortie-RAW-Details-fins-Nettete-10_02-1105x1536.jpg 1105w, https:\/\/nicolasdelarre-photography.com\/wp-content\/uploads\/2025\/08\/IMG_0127-Sortie-RAW-Details-fins-Nettete-10_02-1473x2048.jpg 1473w, https:\/\/nicolasdelarre-photography.com\/wp-content\/uploads\/2025\/08\/IMG_0127-Sortie-RAW-Details-fins-Nettete-10_02-scaled.jpg 1842w\" sizes=\"auto, (max-width: 506px) 100vw, 506px\" \/><\/a><figcaption id=\"caption-attachment-1723\" class=\"wp-caption-text\">&lsquo;Aspersion&rsquo; de Clarence Gu\u00e9na, expos\u00e9 \u00e0 la manufacture de Roubaix (2021).<\/figcaption><\/figure>\n<p>&nbsp;<\/p>\n<figure id=\"attachment_1356\" aria-describedby=\"caption-attachment-1356\" style=\"width: 764px\" class=\"wp-caption aligncenter\"><a href=\"https:\/\/nicolasdelarre-photography.com\/wp-content\/uploads\/2024\/07\/IMG_2910-vw-1-scaled.jpg\"><img loading=\"lazy\" decoding=\"async\" class=\"size-large wp-image-1356\" src=\"https:\/\/nicolasdelarre-photography.com\/wp-content\/uploads\/2024\/07\/IMG_2910-vw-1-1024x1008.jpg\" alt=\"R\u00e9plique de micro-organisme marin (Asterionella formosa) - Mus\u00e9e Micropia, Amsterdam.\" width=\"764\" height=\"752\" srcset=\"https:\/\/nicolasdelarre-photography.com\/wp-content\/uploads\/2024\/07\/IMG_2910-vw-1-1024x1008.jpg 1024w, https:\/\/nicolasdelarre-photography.com\/wp-content\/uploads\/2024\/07\/IMG_2910-vw-1-300x295.jpg 300w, https:\/\/nicolasdelarre-photography.com\/wp-content\/uploads\/2024\/07\/IMG_2910-vw-1-768x756.jpg 768w, https:\/\/nicolasdelarre-photography.com\/wp-content\/uploads\/2024\/07\/IMG_2910-vw-1-1536x1512.jpg 1536w, https:\/\/nicolasdelarre-photography.com\/wp-content\/uploads\/2024\/07\/IMG_2910-vw-1-2048x2016.jpg 2048w\" sizes=\"auto, (max-width: 764px) 100vw, 764px\" \/><\/a><figcaption id=\"caption-attachment-1356\" class=\"wp-caption-text\">R\u00e9plique de micro-organisme marin (Asterionella formosa) &#8211; Mus\u00e9e Micropia, Amsterdam.<\/figcaption><\/figure>\n<p>&nbsp;<\/p>\n<figure id=\"attachment_1357\" aria-describedby=\"caption-attachment-1357\" style=\"width: 764px\" class=\"wp-caption aligncenter\"><a href=\"https:\/\/nicolasdelarre-photography.com\/wp-content\/uploads\/2024\/07\/IMG_2910-vw-2-scaled.jpg\"><img loading=\"lazy\" decoding=\"async\" class=\"size-large wp-image-1357\" src=\"https:\/\/nicolasdelarre-photography.com\/wp-content\/uploads\/2024\/07\/IMG_2910-vw-2-1024x1007.jpg\" alt=\"R\u00e9plique de micro-organisme marin (Heliospaera inermis) - Mus\u00e9e Micropia, Amsterdam.\" width=\"764\" height=\"751\" srcset=\"https:\/\/nicolasdelarre-photography.com\/wp-content\/uploads\/2024\/07\/IMG_2910-vw-2-1024x1007.jpg 1024w, https:\/\/nicolasdelarre-photography.com\/wp-content\/uploads\/2024\/07\/IMG_2910-vw-2-300x295.jpg 300w, https:\/\/nicolasdelarre-photography.com\/wp-content\/uploads\/2024\/07\/IMG_2910-vw-2-768x755.jpg 768w, https:\/\/nicolasdelarre-photography.com\/wp-content\/uploads\/2024\/07\/IMG_2910-vw-2-1536x1510.jpg 1536w, https:\/\/nicolasdelarre-photography.com\/wp-content\/uploads\/2024\/07\/IMG_2910-vw-2-2048x2013.jpg 2048w\" sizes=\"auto, (max-width: 764px) 100vw, 764px\" \/><\/a><figcaption id=\"caption-attachment-1357\" class=\"wp-caption-text\">R\u00e9plique de micro-organisme marin (Heliospaera inermis) &#8211; Mus\u00e9e Micropia, Amsterdam.<\/figcaption><\/figure>\n<p>&nbsp;<\/p>\n<figure id=\"attachment_1488\" aria-describedby=\"caption-attachment-1488\" style=\"width: 623px\" class=\"wp-caption aligncenter\"><a href=\"https:\/\/nicolasdelarre-photography.com\/wp-content\/uploads\/2025\/01\/IMG_0038-vw-scaled.jpg\"><img loading=\"lazy\" decoding=\"async\" class=\" wp-image-1488\" src=\"https:\/\/nicolasdelarre-photography.com\/wp-content\/uploads\/2025\/01\/IMG_0038-vw-1017x1024.jpg\" alt=\"Lustre de l'op\u00e9ra national de Vienne.\" width=\"623\" height=\"628\" srcset=\"https:\/\/nicolasdelarre-photography.com\/wp-content\/uploads\/2025\/01\/IMG_0038-vw-1017x1024.jpg 1017w, https:\/\/nicolasdelarre-photography.com\/wp-content\/uploads\/2025\/01\/IMG_0038-vw-298x300.jpg 298w, https:\/\/nicolasdelarre-photography.com\/wp-content\/uploads\/2025\/01\/IMG_0038-vw-150x150.jpg 150w, https:\/\/nicolasdelarre-photography.com\/wp-content\/uploads\/2025\/01\/IMG_0038-vw-768x773.jpg 768w, https:\/\/nicolasdelarre-photography.com\/wp-content\/uploads\/2025\/01\/IMG_0038-vw-1525x1536.jpg 1525w, https:\/\/nicolasdelarre-photography.com\/wp-content\/uploads\/2025\/01\/IMG_0038-vw-2034x2048.jpg 2034w\" sizes=\"auto, (max-width: 623px) 100vw, 623px\" \/><\/a><figcaption id=\"caption-attachment-1488\" class=\"wp-caption-text\">Lustre de l&rsquo;op\u00e9ra national de Vienne.<\/figcaption><\/figure>\n","protected":false},"excerpt":{"rendered":"<p>&nbsp; &nbsp; &nbsp; &nbsp;<\/p>\n","protected":false},"author":1,"featured_media":0,"parent":0,"menu_order":0,"comment_status":"closed","ping_status":"closed","template":"","meta":{"footnotes":""},"class_list":["post-1358","page","type-page","status-publish","hentry"],"yoast_head":"<!-- This site is optimized with the Yoast SEO plugin v27.5 - https:\/\/yoast.com\/product\/yoast-seo-wordpress\/ -->\n<title>Photographisme - Nicolas Delarre Photography<\/title>\n<meta name=\"robots\" content=\"index, follow, max-snippet:-1, max-image-preview:large, max-video-preview:-1\" \/>\n<link rel=\"canonical\" href=\"https:\/\/nicolasdelarre-photography.com\/?page_id=1358\" \/>\n<meta property=\"og:locale\" content=\"fr_FR\" \/>\n<meta property=\"og:type\" content=\"article\" \/>\n<meta property=\"og:title\" content=\"Photographisme - Nicolas Delarre Photography\" \/>\n<meta property=\"og:description\" content=\"&nbsp; &nbsp; &nbsp; &nbsp;\" \/>\n<meta property=\"og:url\" content=\"https:\/\/nicolasdelarre-photography.com\/?page_id=1358\" \/>\n<meta property=\"og:site_name\" content=\"Nicolas Delarre Photography\" \/>\n<meta property=\"article:modified_time\" content=\"2025-08-24T12:09:48+00:00\" \/>\n<meta property=\"og:image\" content=\"https:\/\/nicolasdelarre-photography.com\/wp-content\/uploads\/2025\/08\/IMG_0127-Sortie-RAW-Details-fins-Nettete-10_02-scaled.jpg\" \/>\n\t<meta property=\"og:image:width\" content=\"1842\" \/>\n\t<meta property=\"og:image:height\" content=\"2560\" \/>\n\t<meta property=\"og:image:type\" content=\"image\/jpeg\" \/>\n<meta name=\"twitter:card\" content=\"summary_large_image\" \/>\n<meta name=\"twitter:label1\" content=\"Dur\u00e9e de lecture estim\u00e9e\" \/>\n\t<meta name=\"twitter:data1\" content=\"2 minutes\" \/>\n<script type=\"application\/ld+json\" class=\"yoast-schema-graph\">{\"@context\":\"https:\\\/\\\/schema.org\",\"@graph\":[{\"@type\":\"WebPage\",\"@id\":\"https:\\\/\\\/nicolasdelarre-photography.com\\\/?page_id=1358\",\"url\":\"https:\\\/\\\/nicolasdelarre-photography.com\\\/?page_id=1358\",\"name\":\"Photographisme - Nicolas Delarre Photography\",\"isPartOf\":{\"@id\":\"https:\\\/\\\/nicolasdelarre-photography.com\\\/#website\"},\"primaryImageOfPage\":{\"@id\":\"https:\\\/\\\/nicolasdelarre-photography.com\\\/?page_id=1358#primaryimage\"},\"image\":{\"@id\":\"https:\\\/\\\/nicolasdelarre-photography.com\\\/?page_id=1358#primaryimage\"},\"thumbnailUrl\":\"https:\\\/\\\/nicolasdelarre-photography.com\\\/wp-content\\\/uploads\\\/2025\\\/08\\\/IMG_0127-Sortie-RAW-Details-fins-Nettete-10_02-737x1024.jpg\",\"datePublished\":\"2024-07-27T15:30:20+00:00\",\"dateModified\":\"2025-08-24T12:09:48+00:00\",\"breadcrumb\":{\"@id\":\"https:\\\/\\\/nicolasdelarre-photography.com\\\/?page_id=1358#breadcrumb\"},\"inLanguage\":\"fr-FR\",\"potentialAction\":[{\"@type\":\"ReadAction\",\"target\":[\"https:\\\/\\\/nicolasdelarre-photography.com\\\/?page_id=1358\"]}]},{\"@type\":\"ImageObject\",\"inLanguage\":\"fr-FR\",\"@id\":\"https:\\\/\\\/nicolasdelarre-photography.com\\\/?page_id=1358#primaryimage\",\"url\":\"https:\\\/\\\/nicolasdelarre-photography.com\\\/wp-content\\\/uploads\\\/2025\\\/08\\\/IMG_0127-Sortie-RAW-Details-fins-Nettete-10_02-scaled.jpg\",\"contentUrl\":\"https:\\\/\\\/nicolasdelarre-photography.com\\\/wp-content\\\/uploads\\\/2025\\\/08\\\/IMG_0127-Sortie-RAW-Details-fins-Nettete-10_02-scaled.jpg\",\"width\":1842,\"height\":2560,\"caption\":\"'Aspersion' de Clarence Gu\u00e9na, expos\u00e9 \u00e0 la manufacture de Roubaix (2021).\"},{\"@type\":\"BreadcrumbList\",\"@id\":\"https:\\\/\\\/nicolasdelarre-photography.com\\\/?page_id=1358#breadcrumb\",\"itemListElement\":[{\"@type\":\"ListItem\",\"position\":1,\"name\":\"Accueil\",\"item\":\"https:\\\/\\\/nicolasdelarre-photography.com\\\/\"},{\"@type\":\"ListItem\",\"position\":2,\"name\":\"Photographisme\"}]},{\"@type\":\"WebSite\",\"@id\":\"https:\\\/\\\/nicolasdelarre-photography.com\\\/#website\",\"url\":\"https:\\\/\\\/nicolasdelarre-photography.com\\\/\",\"name\":\"Nicolas Delarre Photography\",\"description\":\"\",\"potentialAction\":[{\"@type\":\"SearchAction\",\"target\":{\"@type\":\"EntryPoint\",\"urlTemplate\":\"https:\\\/\\\/nicolasdelarre-photography.com\\\/?s={search_term_string}\"},\"query-input\":{\"@type\":\"PropertyValueSpecification\",\"valueRequired\":true,\"valueName\":\"search_term_string\"}}],\"inLanguage\":\"fr-FR\"}]}<\/script>\n<!-- \/ Yoast SEO plugin. -->","yoast_head_json":{"title":"Photographisme - Nicolas Delarre Photography","robots":{"index":"index","follow":"follow","max-snippet":"max-snippet:-1","max-image-preview":"max-image-preview:large","max-video-preview":"max-video-preview:-1"},"canonical":"https:\/\/nicolasdelarre-photography.com\/?page_id=1358","og_locale":"fr_FR","og_type":"article","og_title":"Photographisme - Nicolas Delarre Photography","og_description":"&nbsp; &nbsp; &nbsp; &nbsp;","og_url":"https:\/\/nicolasdelarre-photography.com\/?page_id=1358","og_site_name":"Nicolas Delarre Photography","article_modified_time":"2025-08-24T12:09:48+00:00","og_image":[{"width":1842,"height":2560,"url":"https:\/\/nicolasdelarre-photography.com\/wp-content\/uploads\/2025\/08\/IMG_0127-Sortie-RAW-Details-fins-Nettete-10_02-scaled.jpg","type":"image\/jpeg"}],"twitter_card":"summary_large_image","twitter_misc":{"Dur\u00e9e de lecture estim\u00e9e":"2 minutes"},"schema":{"@context":"https:\/\/schema.org","@graph":[{"@type":"WebPage","@id":"https:\/\/nicolasdelarre-photography.com\/?page_id=1358","url":"https:\/\/nicolasdelarre-photography.com\/?page_id=1358","name":"Photographisme - Nicolas Delarre Photography","isPartOf":{"@id":"https:\/\/nicolasdelarre-photography.com\/#website"},"primaryImageOfPage":{"@id":"https:\/\/nicolasdelarre-photography.com\/?page_id=1358#primaryimage"},"image":{"@id":"https:\/\/nicolasdelarre-photography.com\/?page_id=1358#primaryimage"},"thumbnailUrl":"https:\/\/nicolasdelarre-photography.com\/wp-content\/uploads\/2025\/08\/IMG_0127-Sortie-RAW-Details-fins-Nettete-10_02-737x1024.jpg","datePublished":"2024-07-27T15:30:20+00:00","dateModified":"2025-08-24T12:09:48+00:00","breadcrumb":{"@id":"https:\/\/nicolasdelarre-photography.com\/?page_id=1358#breadcrumb"},"inLanguage":"fr-FR","potentialAction":[{"@type":"ReadAction","target":["https:\/\/nicolasdelarre-photography.com\/?page_id=1358"]}]},{"@type":"ImageObject","inLanguage":"fr-FR","@id":"https:\/\/nicolasdelarre-photography.com\/?page_id=1358#primaryimage","url":"https:\/\/nicolasdelarre-photography.com\/wp-content\/uploads\/2025\/08\/IMG_0127-Sortie-RAW-Details-fins-Nettete-10_02-scaled.jpg","contentUrl":"https:\/\/nicolasdelarre-photography.com\/wp-content\/uploads\/2025\/08\/IMG_0127-Sortie-RAW-Details-fins-Nettete-10_02-scaled.jpg","width":1842,"height":2560,"caption":"'Aspersion' de Clarence Gu\u00e9na, expos\u00e9 \u00e0 la manufacture de Roubaix (2021)."},{"@type":"BreadcrumbList","@id":"https:\/\/nicolasdelarre-photography.com\/?page_id=1358#breadcrumb","itemListElement":[{"@type":"ListItem","position":1,"name":"Accueil","item":"https:\/\/nicolasdelarre-photography.com\/"},{"@type":"ListItem","position":2,"name":"Photographisme"}]},{"@type":"WebSite","@id":"https:\/\/nicolasdelarre-photography.com\/#website","url":"https:\/\/nicolasdelarre-photography.com\/","name":"Nicolas Delarre Photography","description":"","potentialAction":[{"@type":"SearchAction","target":{"@type":"EntryPoint","urlTemplate":"https:\/\/nicolasdelarre-photography.com\/?s={search_term_string}"},"query-input":{"@type":"PropertyValueSpecification","valueRequired":true,"valueName":"search_term_string"}}],"inLanguage":"fr-FR"}]}},"_links":{"self":[{"href":"https:\/\/nicolasdelarre-photography.com\/index.php?rest_route=\/wp\/v2\/pages\/1358","targetHints":{"allow":["GET"]}}],"collection":[{"href":"https:\/\/nicolasdelarre-photography.com\/index.php?rest_route=\/wp\/v2\/pages"}],"about":[{"href":"https:\/\/nicolasdelarre-photography.com\/index.php?rest_route=\/wp\/v2\/types\/page"}],"author":[{"embeddable":true,"href":"https:\/\/nicolasdelarre-photography.com\/index.php?rest_route=\/wp\/v2\/users\/1"}],"replies":[{"embeddable":true,"href":"https:\/\/nicolasdelarre-photography.com\/index.php?rest_route=%2Fwp%2Fv2%2Fcomments&post=1358"}],"version-history":[{"count":13,"href":"https:\/\/nicolasdelarre-photography.com\/index.php?rest_route=\/wp\/v2\/pages\/1358\/revisions"}],"predecessor-version":[{"id":1726,"href":"https:\/\/nicolasdelarre-photography.com\/index.php?rest_route=\/wp\/v2\/pages\/1358\/revisions\/1726"}],"wp:attachment":[{"href":"https:\/\/nicolasdelarre-photography.com\/index.php?rest_route=%2Fwp%2Fv2%2Fmedia&parent=1358"}],"curies":[{"name":"wp","href":"https:\/\/api.w.org\/{rel}","templated":true}]}}