{"id":1579,"date":"2025-03-30T19:11:25","date_gmt":"2025-03-30T17:11:25","guid":{"rendered":"https:\/\/nicolasdelarre-photography.com\/?page_id=1579"},"modified":"2025-09-02T19:52:45","modified_gmt":"2025-09-02T17:52:45","slug":"expositions","status":"publish","type":"page","link":"https:\/\/nicolasdelarre-photography.com\/?page_id=1579","title":{"rendered":"Expositions"},"content":{"rendered":"<p>&nbsp;<\/p>\n<p><img loading=\"lazy\" decoding=\"async\" class=\" wp-image-1745 aligncenter\" src=\"https:\/\/nicolasdelarre-photography.com\/wp-content\/uploads\/2025\/09\/Affiche-vw-737x1024.jpg\" alt=\"\" width=\"479\" height=\"666\" srcset=\"https:\/\/nicolasdelarre-photography.com\/wp-content\/uploads\/2025\/09\/Affiche-vw-737x1024.jpg 737w, https:\/\/nicolasdelarre-photography.com\/wp-content\/uploads\/2025\/09\/Affiche-vw-216x300.jpg 216w, https:\/\/nicolasdelarre-photography.com\/wp-content\/uploads\/2025\/09\/Affiche-vw-768x1066.jpg 768w, https:\/\/nicolasdelarre-photography.com\/wp-content\/uploads\/2025\/09\/Affiche-vw-1106x1536.jpg 1106w, https:\/\/nicolasdelarre-photography.com\/wp-content\/uploads\/2025\/09\/Affiche-vw-1475x2048.jpg 1475w, https:\/\/nicolasdelarre-photography.com\/wp-content\/uploads\/2025\/09\/Affiche-vw-scaled.jpg 1844w\" sizes=\"auto, (max-width: 479px) 100vw, 479px\" \/><\/p>\n<p>&nbsp;<\/p>\n<p><span style=\"font-family: Calibri,serif, serif;\"><span style=\"font-size: medium;\">Qu\u2019elle soit technologique, v\u00e9g\u00e9tale ou m\u00eame microscopique, l\u2019architecture m\u2019offre un spectacle constant de structure et d\u2019harmonie qui me subjugue depuis toujours.<\/span><\/span><\/p>\n<p><span style=\"font-family: Calibri,serif, serif;\"><span style=\"font-size: medium;\">Ce diptyque s\u2019attache \u00e0 r\u00e9v\u00e9ler un langage plus ancien que les mots\u00a0: celui de l\u2019organisation du vivant.<\/span><\/span><\/p>\n<p><span style=\"font-family: Calibri,serif, serif;\"><span style=\"font-size: medium;\">L\u00e0 ou l\u2019oeil per\u00e7oit l\u2019esth\u00e9tique, la nature, elle, calcule, s\u2019organise et optimise\u00a0: suite de Fibonacci, sym\u00e9tries radiales, nombre d\u2019or&#8230; Autant de sch\u00e9mas utilis\u00e9s par le vivant avec une intelligence \u00e9volutive, comme s\u2019il ne pouvait s\u2019emp\u00eacher de cr\u00e9er.<\/span><\/span><\/p>\n<p><span style=\"font-family: Calibri,serif, serif;\"><span style=\"font-size: medium;\">Cette explosion de vie que nous voyons comme l\u2019expression libre de la nature, est en r\u00e9alit\u00e9 le produit d\u2019un \u00e9quilibre complexe entre contraintes biologiques et lois physiques.<\/span><\/span><\/p>\n<p><span style=\"font-family: Calibri,serif, serif;\"><span style=\"font-size: medium;\">Dans le silence parfait du noir et blanc, on entend ces explosions silencieuses qui au final, ne sont rien d\u2019autre que \u00ab\u00a0<i>le langage des fleurs et des choses muettes\u00a0\u00bb.<\/i><\/span><\/span><\/p>\n<p><span style=\"font-family: Calibri,serif, serif;\"><span style=\"font-size: medium;\">Nicolas Delarre.<\/span><\/span><\/p>\n<ul>\n<li><span style=\"font-family: Calibri,serif, serif;\"><span style=\"font-size: medium;\">2 tirages grand format 50 X 50 cm <\/span><\/span><\/li>\n<li><span style=\"font-family: Calibri,serif, serif;\"><span style=\"font-size: medium;\">Impressions \u00e0 encre pigmentaire<\/span><\/span><\/li>\n<li><span style=\"font-family: Calibri,serif, serif;\"><span style=\"font-size: medium;\">Papier d\u2019art Hahnem\u00fchle Photo Rag\u00ae 308g<\/span><\/span><\/li>\n<li><span style=\"font-family: Calibri,serif, serif;\"><span style=\"font-size: medium;\">Tirages sign\u00e9s, num\u00e9rot\u00e9s et accompagn\u00e9s d\u2019un certificat d\u2019authenticit\u00e9 (Limit\u00e9s\u00a0 \u00e0 30 exemplaires)<\/span><\/span><\/li>\n<\/ul>\n<p>&nbsp;<\/p>\n<p><img loading=\"lazy\" decoding=\"async\" class=\" wp-image-1624 aligncenter\" src=\"https:\/\/nicolasdelarre-photography.com\/wp-content\/uploads\/2025\/04\/Affiche-vw1-690x1024.jpg\" alt=\"\" width=\"461\" height=\"684\" srcset=\"https:\/\/nicolasdelarre-photography.com\/wp-content\/uploads\/2025\/04\/Affiche-vw1-690x1024.jpg 690w, https:\/\/nicolasdelarre-photography.com\/wp-content\/uploads\/2025\/04\/Affiche-vw1-202x300.jpg 202w, https:\/\/nicolasdelarre-photography.com\/wp-content\/uploads\/2025\/04\/Affiche-vw1-768x1140.jpg 768w, https:\/\/nicolasdelarre-photography.com\/wp-content\/uploads\/2025\/04\/Affiche-vw1-1035x1536.jpg 1035w, https:\/\/nicolasdelarre-photography.com\/wp-content\/uploads\/2025\/04\/Affiche-vw1-1380x2048.jpg 1380w, https:\/\/nicolasdelarre-photography.com\/wp-content\/uploads\/2025\/04\/Affiche-vw1-scaled.jpg 1725w\" sizes=\"auto, (max-width: 461px) 100vw, 461px\" \/><\/p>\n<p>&nbsp;<\/p>\n<p><span style=\"font-size: medium;\"><span style=\"font-family: Calibri, serif;\"><span lang=\"fr-FR\">Depuis l&rsquo;enfance, j&rsquo;ai \u00e9t\u00e9 fascin\u00e9 par la beaut\u00e9 graphique du monde vivant. A <\/span><\/span><span style=\"font-family: Calibri, serif;\"><span lang=\"fr-FR\">c<\/span><\/span><span style=\"font-family: Calibri, serif;\"><span lang=\"fr-FR\">ette fascination, s&rsquo;est ajout\u00e9 celle de l&rsquo;architecture que j&rsquo;ai d\u00e9couvert \u00e0 l&rsquo;\u00e2ge adulte. Ces deux d\u00e9couvertes ont donn\u00e9 naissance \u00e0 mon univers photographique.<\/span><\/span><\/span><\/p>\n<p><span style=\"font-size: medium;\"><span style=\"font-family: Calibri, serif;\"><span lang=\"fr-FR\">Mon approche, que j\u2019appelle \u00ab\u00a0photographisme\u00a0\u00bb, va au-del\u00e0 d\u2019une simple repr\u00e9sentation fid\u00e8le. Elle consiste \u00e0 r\u00e9v\u00e9ler la structure profonde de mes sujets, par le biais de la perspective, de la g\u00e9om\u00e9trie et de la sym\u00e9trie. <\/span><\/span><\/span><\/p>\n<p><span style=\"font-size: medium;\"><span style=\"font-family: Calibri, serif;\"><span lang=\"fr-FR\">Le but de cette d\u00e9marche est d&rsquo;obtenir des images \u00e0 la fois immersives, structur\u00e9es et harmonieuses, pour un impact visuel imm\u00e9diat, propice \u00e0 la surprise et \u00e0 la contemplation.<\/span><\/span><\/span><\/p>\n<p><span style=\"font-size: medium;\"><span style=\"font-family: Calibri, serif;\"><span lang=\"fr-FR\">Cette exposition, \u00ab\u00a0Architecture et Nature : Un \u00c9merveillement Graphique\u00a0\u00bb, privil\u00e9gie l&rsquo;architecture compl\u00e9t\u00e9e par des regards sur la nature. Elle est le fruit de plusieurs ann\u00e9es d&rsquo;exploration et de curiosit\u00e9. <\/span><\/span><\/span><\/p>\n<p><span style=\"font-size: medium;\"><span style=\"font-family: Calibri, serif;\"><span lang=\"fr-FR\">Elle refl\u00e8te mon regard d&rsquo;adulte face \u00e0 l&rsquo;harmonie architecturale et mon regard d&rsquo;enfant face \u00e0 la nature, cette source in\u00e9puisable de surprises et d&rsquo;\u00e9merveillement. <\/span><\/span><\/span><\/p>\n<p><span style=\"font-size: medium;\"><span style=\"font-family: Calibri, serif;\"><span lang=\"fr-FR\">Un ravissement qui, selon l\u2019\u00e9crivain Gilbert Keith Chesterton est essentiel : \u00abLe monde ne mourra jamais par manque de merveilles mais uniquement par manque d\u2019\u00e9merveillement.\u201d<\/span><\/span><\/span><\/p>\n<p><span style=\"font-size: medium;\"><span style=\"font-family: Calibri, serif;\"><span lang=\"fr-FR\">Emerveillons nous !<\/span><\/span><\/span><\/p>\n<p><span style=\"font-size: medium;\"><span style=\"font-family: Calibri, serif;\"><span lang=\"fr-FR\">Nicolas Delarre.<\/span><\/span><\/span><\/p>\n<ul>\n<li><span style=\"font-family: Calibri, serif;\"><span style=\"font-size: medium;\"><span lang=\"fr-FR\">15 tirages grand format (70 X 50cm &#8211; 60 X 50cm &#8211; 50 X 50 cm) <\/span><\/span><\/span><\/li>\n<li><span style=\"font-family: Calibri, serif;\"><span style=\"font-size: medium;\">Impressions \u00e0 encre pigmentaire<\/span><\/span><\/li>\n<li><span style=\"font-family: Calibri, serif;\"><span style=\"font-size: medium;\">Papier d\u2019art Hahnem\u00fchle Photo Rag\u00ae 308g<br \/>\n<\/span><\/span><\/li>\n<li><span style=\"font-family: Calibri, serif;\"><span style=\"font-size: medium;\">Tirages sign\u00e9s, num\u00e9rot\u00e9s et accompagn\u00e9s d\u2019un certificat d\u2019authenticit\u00e9 (Limit\u00e9s\u00a0 \u00e0 30 exemplaires)<\/span><\/span><\/li>\n<\/ul>\n<p><span style=\"font-family: Calibri, serif;\"><span style=\"font-size: medium;\">Un grand merci \u00e0 toute l\u2019\u00e9quipe Photo Time pour leur gentillesse, leur travail soign\u00e9, leurs conseils pr\u00e9cieux et leur vision du talent.<\/span><\/span><\/p>\n<p>&nbsp;<\/p>\n<p>&nbsp;<\/p>\n","protected":false},"excerpt":{"rendered":"<p>&nbsp; &nbsp; Qu\u2019elle soit technologique, v\u00e9g\u00e9tale ou m\u00eame microscopique, l\u2019architecture m\u2019offre un spectacle constant de structure et d\u2019harmonie qui me subjugue depuis toujours. Ce diptyque s\u2019attache \u00e0 r\u00e9v\u00e9ler un langage plus ancien que les mots\u00a0: celui de l\u2019organisation du vivant. L\u00e0 ou l\u2019oeil per\u00e7oit l\u2019esth\u00e9tique, la nature, elle, calcule, s\u2019organise et optimise\u00a0: suite de Fibonacci, [&hellip;]<\/p>\n","protected":false},"author":1,"featured_media":0,"parent":0,"menu_order":0,"comment_status":"closed","ping_status":"closed","template":"","meta":{"footnotes":""},"class_list":["post-1579","page","type-page","status-publish","hentry"],"yoast_head":"<!-- This site is optimized with the Yoast SEO plugin v27.5 - https:\/\/yoast.com\/product\/yoast-seo-wordpress\/ -->\n<title>Expositions - Nicolas Delarre Photography<\/title>\n<meta name=\"robots\" content=\"index, follow, max-snippet:-1, max-image-preview:large, max-video-preview:-1\" \/>\n<link rel=\"canonical\" href=\"https:\/\/nicolasdelarre-photography.com\/?page_id=1579\" \/>\n<meta property=\"og:locale\" content=\"fr_FR\" \/>\n<meta property=\"og:type\" content=\"article\" \/>\n<meta property=\"og:title\" content=\"Expositions - Nicolas Delarre Photography\" \/>\n<meta property=\"og:description\" content=\"&nbsp; &nbsp; Qu\u2019elle soit technologique, v\u00e9g\u00e9tale ou m\u00eame microscopique, l\u2019architecture m\u2019offre un spectacle constant de structure et d\u2019harmonie qui me subjugue depuis toujours. Ce diptyque s\u2019attache \u00e0 r\u00e9v\u00e9ler un langage plus ancien que les mots\u00a0: celui de l\u2019organisation du vivant. L\u00e0 ou l\u2019oeil per\u00e7oit l\u2019esth\u00e9tique, la nature, elle, calcule, s\u2019organise et optimise\u00a0: suite de Fibonacci, [&hellip;]\" \/>\n<meta property=\"og:url\" content=\"https:\/\/nicolasdelarre-photography.com\/?page_id=1579\" \/>\n<meta property=\"og:site_name\" content=\"Nicolas Delarre Photography\" \/>\n<meta property=\"article:modified_time\" content=\"2025-09-02T17:52:45+00:00\" \/>\n<meta property=\"og:image\" content=\"https:\/\/nicolasdelarre-photography.com\/wp-content\/uploads\/2025\/09\/Affiche-vw-scaled.jpg\" \/>\n\t<meta property=\"og:image:width\" content=\"1844\" \/>\n\t<meta property=\"og:image:height\" content=\"2560\" \/>\n\t<meta property=\"og:image:type\" content=\"image\/jpeg\" \/>\n<meta name=\"twitter:card\" content=\"summary_large_image\" \/>\n<meta name=\"twitter:label1\" content=\"Dur\u00e9e de lecture estim\u00e9e\" \/>\n\t<meta name=\"twitter:data1\" content=\"3 minutes\" \/>\n<script type=\"application\/ld+json\" class=\"yoast-schema-graph\">{\"@context\":\"https:\\\/\\\/schema.org\",\"@graph\":[{\"@type\":\"WebPage\",\"@id\":\"https:\\\/\\\/nicolasdelarre-photography.com\\\/?page_id=1579\",\"url\":\"https:\\\/\\\/nicolasdelarre-photography.com\\\/?page_id=1579\",\"name\":\"Expositions - Nicolas Delarre Photography\",\"isPartOf\":{\"@id\":\"https:\\\/\\\/nicolasdelarre-photography.com\\\/#website\"},\"primaryImageOfPage\":{\"@id\":\"https:\\\/\\\/nicolasdelarre-photography.com\\\/?page_id=1579#primaryimage\"},\"image\":{\"@id\":\"https:\\\/\\\/nicolasdelarre-photography.com\\\/?page_id=1579#primaryimage\"},\"thumbnailUrl\":\"https:\\\/\\\/nicolasdelarre-photography.com\\\/wp-content\\\/uploads\\\/2025\\\/09\\\/Affiche-vw-737x1024.jpg\",\"datePublished\":\"2025-03-30T17:11:25+00:00\",\"dateModified\":\"2025-09-02T17:52:45+00:00\",\"breadcrumb\":{\"@id\":\"https:\\\/\\\/nicolasdelarre-photography.com\\\/?page_id=1579#breadcrumb\"},\"inLanguage\":\"fr-FR\",\"potentialAction\":[{\"@type\":\"ReadAction\",\"target\":[\"https:\\\/\\\/nicolasdelarre-photography.com\\\/?page_id=1579\"]}]},{\"@type\":\"ImageObject\",\"inLanguage\":\"fr-FR\",\"@id\":\"https:\\\/\\\/nicolasdelarre-photography.com\\\/?page_id=1579#primaryimage\",\"url\":\"https:\\\/\\\/nicolasdelarre-photography.com\\\/wp-content\\\/uploads\\\/2025\\\/09\\\/Affiche-vw-scaled.jpg\",\"contentUrl\":\"https:\\\/\\\/nicolasdelarre-photography.com\\\/wp-content\\\/uploads\\\/2025\\\/09\\\/Affiche-vw-scaled.jpg\",\"width\":1844,\"height\":2560},{\"@type\":\"BreadcrumbList\",\"@id\":\"https:\\\/\\\/nicolasdelarre-photography.com\\\/?page_id=1579#breadcrumb\",\"itemListElement\":[{\"@type\":\"ListItem\",\"position\":1,\"name\":\"Accueil\",\"item\":\"https:\\\/\\\/nicolasdelarre-photography.com\\\/\"},{\"@type\":\"ListItem\",\"position\":2,\"name\":\"Expositions\"}]},{\"@type\":\"WebSite\",\"@id\":\"https:\\\/\\\/nicolasdelarre-photography.com\\\/#website\",\"url\":\"https:\\\/\\\/nicolasdelarre-photography.com\\\/\",\"name\":\"Nicolas Delarre Photography\",\"description\":\"\",\"potentialAction\":[{\"@type\":\"SearchAction\",\"target\":{\"@type\":\"EntryPoint\",\"urlTemplate\":\"https:\\\/\\\/nicolasdelarre-photography.com\\\/?s={search_term_string}\"},\"query-input\":{\"@type\":\"PropertyValueSpecification\",\"valueRequired\":true,\"valueName\":\"search_term_string\"}}],\"inLanguage\":\"fr-FR\"}]}<\/script>\n<!-- \/ Yoast SEO plugin. -->","yoast_head_json":{"title":"Expositions - Nicolas Delarre Photography","robots":{"index":"index","follow":"follow","max-snippet":"max-snippet:-1","max-image-preview":"max-image-preview:large","max-video-preview":"max-video-preview:-1"},"canonical":"https:\/\/nicolasdelarre-photography.com\/?page_id=1579","og_locale":"fr_FR","og_type":"article","og_title":"Expositions - Nicolas Delarre Photography","og_description":"&nbsp; &nbsp; Qu\u2019elle soit technologique, v\u00e9g\u00e9tale ou m\u00eame microscopique, l\u2019architecture m\u2019offre un spectacle constant de structure et d\u2019harmonie qui me subjugue depuis toujours. Ce diptyque s\u2019attache \u00e0 r\u00e9v\u00e9ler un langage plus ancien que les mots\u00a0: celui de l\u2019organisation du vivant. L\u00e0 ou l\u2019oeil per\u00e7oit l\u2019esth\u00e9tique, la nature, elle, calcule, s\u2019organise et optimise\u00a0: suite de Fibonacci, [&hellip;]","og_url":"https:\/\/nicolasdelarre-photography.com\/?page_id=1579","og_site_name":"Nicolas Delarre Photography","article_modified_time":"2025-09-02T17:52:45+00:00","og_image":[{"width":1844,"height":2560,"url":"https:\/\/nicolasdelarre-photography.com\/wp-content\/uploads\/2025\/09\/Affiche-vw-scaled.jpg","type":"image\/jpeg"}],"twitter_card":"summary_large_image","twitter_misc":{"Dur\u00e9e de lecture estim\u00e9e":"3 minutes"},"schema":{"@context":"https:\/\/schema.org","@graph":[{"@type":"WebPage","@id":"https:\/\/nicolasdelarre-photography.com\/?page_id=1579","url":"https:\/\/nicolasdelarre-photography.com\/?page_id=1579","name":"Expositions - Nicolas Delarre Photography","isPartOf":{"@id":"https:\/\/nicolasdelarre-photography.com\/#website"},"primaryImageOfPage":{"@id":"https:\/\/nicolasdelarre-photography.com\/?page_id=1579#primaryimage"},"image":{"@id":"https:\/\/nicolasdelarre-photography.com\/?page_id=1579#primaryimage"},"thumbnailUrl":"https:\/\/nicolasdelarre-photography.com\/wp-content\/uploads\/2025\/09\/Affiche-vw-737x1024.jpg","datePublished":"2025-03-30T17:11:25+00:00","dateModified":"2025-09-02T17:52:45+00:00","breadcrumb":{"@id":"https:\/\/nicolasdelarre-photography.com\/?page_id=1579#breadcrumb"},"inLanguage":"fr-FR","potentialAction":[{"@type":"ReadAction","target":["https:\/\/nicolasdelarre-photography.com\/?page_id=1579"]}]},{"@type":"ImageObject","inLanguage":"fr-FR","@id":"https:\/\/nicolasdelarre-photography.com\/?page_id=1579#primaryimage","url":"https:\/\/nicolasdelarre-photography.com\/wp-content\/uploads\/2025\/09\/Affiche-vw-scaled.jpg","contentUrl":"https:\/\/nicolasdelarre-photography.com\/wp-content\/uploads\/2025\/09\/Affiche-vw-scaled.jpg","width":1844,"height":2560},{"@type":"BreadcrumbList","@id":"https:\/\/nicolasdelarre-photography.com\/?page_id=1579#breadcrumb","itemListElement":[{"@type":"ListItem","position":1,"name":"Accueil","item":"https:\/\/nicolasdelarre-photography.com\/"},{"@type":"ListItem","position":2,"name":"Expositions"}]},{"@type":"WebSite","@id":"https:\/\/nicolasdelarre-photography.com\/#website","url":"https:\/\/nicolasdelarre-photography.com\/","name":"Nicolas Delarre Photography","description":"","potentialAction":[{"@type":"SearchAction","target":{"@type":"EntryPoint","urlTemplate":"https:\/\/nicolasdelarre-photography.com\/?s={search_term_string}"},"query-input":{"@type":"PropertyValueSpecification","valueRequired":true,"valueName":"search_term_string"}}],"inLanguage":"fr-FR"}]}},"_links":{"self":[{"href":"https:\/\/nicolasdelarre-photography.com\/index.php?rest_route=\/wp\/v2\/pages\/1579","targetHints":{"allow":["GET"]}}],"collection":[{"href":"https:\/\/nicolasdelarre-photography.com\/index.php?rest_route=\/wp\/v2\/pages"}],"about":[{"href":"https:\/\/nicolasdelarre-photography.com\/index.php?rest_route=\/wp\/v2\/types\/page"}],"author":[{"embeddable":true,"href":"https:\/\/nicolasdelarre-photography.com\/index.php?rest_route=\/wp\/v2\/users\/1"}],"replies":[{"embeddable":true,"href":"https:\/\/nicolasdelarre-photography.com\/index.php?rest_route=%2Fwp%2Fv2%2Fcomments&post=1579"}],"version-history":[{"count":42,"href":"https:\/\/nicolasdelarre-photography.com\/index.php?rest_route=\/wp\/v2\/pages\/1579\/revisions"}],"predecessor-version":[{"id":1747,"href":"https:\/\/nicolasdelarre-photography.com\/index.php?rest_route=\/wp\/v2\/pages\/1579\/revisions\/1747"}],"wp:attachment":[{"href":"https:\/\/nicolasdelarre-photography.com\/index.php?rest_route=%2Fwp%2Fv2%2Fmedia&parent=1579"}],"curies":[{"name":"wp","href":"https:\/\/api.w.org\/{rel}","templated":true}]}}