{"id":32,"date":"2022-06-24T16:46:08","date_gmt":"2022-06-24T14:46:08","guid":{"rendered":"https:\/\/nicolasdelarre-photography.com\/?page_id=32"},"modified":"2026-01-29T19:18:31","modified_gmt":"2026-01-29T18:18:31","slug":"galerie-1","status":"publish","type":"page","link":"https:\/\/nicolasdelarre-photography.com\/?page_id=32","title":{"rendered":"Graphisme urbain"},"content":{"rendered":"<p>&nbsp;<\/p>\n<figure id=\"attachment_1492\" aria-describedby=\"caption-attachment-1492\" style=\"width: 705px\" class=\"wp-caption aligncenter\"><a href=\"https:\/\/nicolasdelarre-photography.com\/wp-content\/uploads\/2025\/01\/IMG_0992-vw-scaled.jpg\"><img loading=\"lazy\" decoding=\"async\" class=\" wp-image-1492\" src=\"https:\/\/nicolasdelarre-photography.com\/wp-content\/uploads\/2025\/01\/IMG_0992-vw-1024x823.jpg\" alt=\"Reichbank, Amsterdam.\" width=\"705\" height=\"566\" srcset=\"https:\/\/nicolasdelarre-photography.com\/wp-content\/uploads\/2025\/01\/IMG_0992-vw-1024x823.jpg 1024w, https:\/\/nicolasdelarre-photography.com\/wp-content\/uploads\/2025\/01\/IMG_0992-vw-300x241.jpg 300w, https:\/\/nicolasdelarre-photography.com\/wp-content\/uploads\/2025\/01\/IMG_0992-vw-768x617.jpg 768w, https:\/\/nicolasdelarre-photography.com\/wp-content\/uploads\/2025\/01\/IMG_0992-vw-1536x1234.jpg 1536w, https:\/\/nicolasdelarre-photography.com\/wp-content\/uploads\/2025\/01\/IMG_0992-vw-2048x1646.jpg 2048w\" sizes=\"auto, (max-width: 705px) 100vw, 705px\" \/><\/a><figcaption id=\"caption-attachment-1492\" class=\"wp-caption-text\">Reichbank, Amsterdam.<\/figcaption><\/figure>\n<p>&nbsp;<\/p>\n<figure id=\"attachment_1483\" aria-describedby=\"caption-attachment-1483\" style=\"width: 764px\" class=\"wp-caption aligncenter\"><a href=\"https:\/\/nicolasdelarre-photography.com\/wp-content\/uploads\/2025\/01\/IMG_1835-vw-scaled.jpg\"><img loading=\"lazy\" decoding=\"async\" class=\"size-large wp-image-1483\" src=\"https:\/\/nicolasdelarre-photography.com\/wp-content\/uploads\/2025\/01\/IMG_1835-vw-1024x676.jpg\" alt=\"La gare Saint-Exup\u00e9ry de Lyon.\" width=\"764\" height=\"504\" srcset=\"https:\/\/nicolasdelarre-photography.com\/wp-content\/uploads\/2025\/01\/IMG_1835-vw-1024x676.jpg 1024w, https:\/\/nicolasdelarre-photography.com\/wp-content\/uploads\/2025\/01\/IMG_1835-vw-300x198.jpg 300w, https:\/\/nicolasdelarre-photography.com\/wp-content\/uploads\/2025\/01\/IMG_1835-vw-768x507.jpg 768w, https:\/\/nicolasdelarre-photography.com\/wp-content\/uploads\/2025\/01\/IMG_1835-vw-1536x1014.jpg 1536w, https:\/\/nicolasdelarre-photography.com\/wp-content\/uploads\/2025\/01\/IMG_1835-vw-2048x1352.jpg 2048w\" sizes=\"auto, (max-width: 764px) 100vw, 764px\" \/><\/a><figcaption id=\"caption-attachment-1483\" class=\"wp-caption-text\">La gare Saint-Exup\u00e9ry de Lyon.<\/figcaption><\/figure>\n<p>&nbsp;<\/p>\n<figure id=\"attachment_1803\" aria-describedby=\"caption-attachment-1803\" style=\"width: 501px\" class=\"wp-caption aligncenter\"><a href=\"https:\/\/nicolasdelarre-photography.com\/wp-content\/uploads\/2026\/01\/IMG_2866-vw2-scaled.jpg\"><img loading=\"lazy\" decoding=\"async\" class=\" wp-image-1803\" src=\"https:\/\/nicolasdelarre-photography.com\/wp-content\/uploads\/2026\/01\/IMG_2866-vw2-683x1024.jpg\" alt=\"L'h\u00f4tel Nhow d'Amsterdam.\" width=\"501\" height=\"751\" srcset=\"https:\/\/nicolasdelarre-photography.com\/wp-content\/uploads\/2026\/01\/IMG_2866-vw2-683x1024.jpg 683w, https:\/\/nicolasdelarre-photography.com\/wp-content\/uploads\/2026\/01\/IMG_2866-vw2-200x300.jpg 200w, https:\/\/nicolasdelarre-photography.com\/wp-content\/uploads\/2026\/01\/IMG_2866-vw2-768x1152.jpg 768w, https:\/\/nicolasdelarre-photography.com\/wp-content\/uploads\/2026\/01\/IMG_2866-vw2-1024x1536.jpg 1024w, https:\/\/nicolasdelarre-photography.com\/wp-content\/uploads\/2026\/01\/IMG_2866-vw2-1365x2048.jpg 1365w, https:\/\/nicolasdelarre-photography.com\/wp-content\/uploads\/2026\/01\/IMG_2866-vw2-scaled.jpg 1707w\" sizes=\"auto, (max-width: 501px) 100vw, 501px\" \/><\/a><figcaption id=\"caption-attachment-1803\" class=\"wp-caption-text\">L&rsquo;h\u00f4tel Nhow d&rsquo;Amsterdam.<\/figcaption><\/figure>\n<p>&nbsp;<\/p>\n<figure id=\"attachment_972\" aria-describedby=\"caption-attachment-972\" style=\"width: 764px\" class=\"wp-caption aligncenter\"><a href=\"https:\/\/nicolasdelarre-photography.com\/wp-content\/uploads\/2023\/04\/IMG_0045_-Version-1-scaled.jpg\"><img loading=\"lazy\" decoding=\"async\" class=\"size-large wp-image-972\" src=\"https:\/\/nicolasdelarre-photography.com\/wp-content\/uploads\/2023\/04\/IMG_0045_-Version-1-1024x700.jpg\" alt=\"Le b\u00e2timent JTI de Gen\u00e8ve.\" width=\"764\" height=\"522\" srcset=\"https:\/\/nicolasdelarre-photography.com\/wp-content\/uploads\/2023\/04\/IMG_0045_-Version-1-1024x700.jpg 1024w, https:\/\/nicolasdelarre-photography.com\/wp-content\/uploads\/2023\/04\/IMG_0045_-Version-1-300x205.jpg 300w, https:\/\/nicolasdelarre-photography.com\/wp-content\/uploads\/2023\/04\/IMG_0045_-Version-1-768x525.jpg 768w, https:\/\/nicolasdelarre-photography.com\/wp-content\/uploads\/2023\/04\/IMG_0045_-Version-1-1536x1051.jpg 1536w, https:\/\/nicolasdelarre-photography.com\/wp-content\/uploads\/2023\/04\/IMG_0045_-Version-1-2048x1401.jpg 2048w\" sizes=\"auto, (max-width: 764px) 100vw, 764px\" \/><\/a><figcaption id=\"caption-attachment-972\" class=\"wp-caption-text\">Le b\u00e2timent JTI de Gen\u00e8ve<a href=\"https:\/\/www.youtube.com\/watch?v=hjpF8ukSrvk\">.<\/a><\/figcaption><\/figure>\n<p>&nbsp;<\/p>\n<figure id=\"attachment_1808\" aria-describedby=\"caption-attachment-1808\" style=\"width: 550px\" class=\"wp-caption aligncenter\"><a href=\"https:\/\/nicolasdelarre-photography.com\/wp-content\/uploads\/2026\/01\/IMG_2246-vw3-scaled.jpg\"><img loading=\"lazy\" decoding=\"async\" class=\" wp-image-1808\" src=\"https:\/\/nicolasdelarre-photography.com\/wp-content\/uploads\/2026\/01\/IMG_2246-vw3-887x1024.jpg\" alt=\"Le b\u00e2timent 'Symphony' dans le centre d'affaires d'Amsterdam.\" width=\"550\" height=\"634\" srcset=\"https:\/\/nicolasdelarre-photography.com\/wp-content\/uploads\/2026\/01\/IMG_2246-vw3-887x1024.jpg 887w, https:\/\/nicolasdelarre-photography.com\/wp-content\/uploads\/2026\/01\/IMG_2246-vw3-260x300.jpg 260w, https:\/\/nicolasdelarre-photography.com\/wp-content\/uploads\/2026\/01\/IMG_2246-vw3-768x887.jpg 768w, https:\/\/nicolasdelarre-photography.com\/wp-content\/uploads\/2026\/01\/IMG_2246-vw3-1331x1536.jpg 1331w, https:\/\/nicolasdelarre-photography.com\/wp-content\/uploads\/2026\/01\/IMG_2246-vw3-1774x2048.jpg 1774w\" sizes=\"auto, (max-width: 550px) 100vw, 550px\" \/><\/a><figcaption id=\"caption-attachment-1808\" class=\"wp-caption-text\">Le b\u00e2timent &lsquo;Symphony&rsquo; dans le centre d&rsquo;affaires d&rsquo;Amsterdam.<\/figcaption><\/figure>\n<p>&nbsp;<\/p>\n<figure id=\"attachment_1561\" aria-describedby=\"caption-attachment-1561\" style=\"width: 764px\" class=\"wp-caption aligncenter\"><a href=\"https:\/\/nicolasdelarre-photography.com\/wp-content\/uploads\/2025\/02\/IMG_1421-vw-scaled-e1741292923967.jpg\"><img loading=\"lazy\" decoding=\"async\" class=\"size-large wp-image-1561\" src=\"https:\/\/nicolasdelarre-photography.com\/wp-content\/uploads\/2025\/02\/IMG_1421-vw-scaled-e1741292923967-1024x682.jpg\" alt=\"La tour \u00d6BB de Vienne.\" width=\"764\" height=\"509\" srcset=\"https:\/\/nicolasdelarre-photography.com\/wp-content\/uploads\/2025\/02\/IMG_1421-vw-scaled-e1741292923967-1024x682.jpg 1024w, https:\/\/nicolasdelarre-photography.com\/wp-content\/uploads\/2025\/02\/IMG_1421-vw-scaled-e1741292923967-300x200.jpg 300w, https:\/\/nicolasdelarre-photography.com\/wp-content\/uploads\/2025\/02\/IMG_1421-vw-scaled-e1741292923967-768x512.jpg 768w, https:\/\/nicolasdelarre-photography.com\/wp-content\/uploads\/2025\/02\/IMG_1421-vw-scaled-e1741292923967-1536x1024.jpg 1536w, https:\/\/nicolasdelarre-photography.com\/wp-content\/uploads\/2025\/02\/IMG_1421-vw-scaled-e1741292923967-2048x1365.jpg 2048w\" sizes=\"auto, (max-width: 764px) 100vw, 764px\" \/><\/a><figcaption id=\"caption-attachment-1561\" class=\"wp-caption-text\">La tour \u00d6BB de Vienne.<\/figcaption><\/figure>\n<p>&nbsp;<\/p>\n<figure id=\"attachment_1535\" aria-describedby=\"caption-attachment-1535\" style=\"width: 513px\" class=\"wp-caption aligncenter\"><a href=\"https:\/\/nicolasdelarre-photography.com\/wp-content\/uploads\/2025\/02\/IMG_3011-vw1-scaled.jpg\"><img loading=\"lazy\" decoding=\"async\" class=\" wp-image-1535\" src=\"https:\/\/nicolasdelarre-photography.com\/wp-content\/uploads\/2025\/02\/IMG_3011-vw1-728x1024.jpg\" alt=\"Le Sluishuis d'Amsterdam.\" width=\"513\" height=\"722\" srcset=\"https:\/\/nicolasdelarre-photography.com\/wp-content\/uploads\/2025\/02\/IMG_3011-vw1-728x1024.jpg 728w, https:\/\/nicolasdelarre-photography.com\/wp-content\/uploads\/2025\/02\/IMG_3011-vw1-213x300.jpg 213w, https:\/\/nicolasdelarre-photography.com\/wp-content\/uploads\/2025\/02\/IMG_3011-vw1-768x1080.jpg 768w, https:\/\/nicolasdelarre-photography.com\/wp-content\/uploads\/2025\/02\/IMG_3011-vw1-1092x1536.jpg 1092w, https:\/\/nicolasdelarre-photography.com\/wp-content\/uploads\/2025\/02\/IMG_3011-vw1-1456x2048.jpg 1456w, https:\/\/nicolasdelarre-photography.com\/wp-content\/uploads\/2025\/02\/IMG_3011-vw1-scaled.jpg 1820w\" sizes=\"auto, (max-width: 513px) 100vw, 513px\" \/><\/a><figcaption id=\"caption-attachment-1535\" class=\"wp-caption-text\">Le Sluishuis d&rsquo;Amsterdam.<\/figcaption><\/figure>\n<p>&nbsp;<\/p>\n<figure id=\"attachment_1571\" aria-describedby=\"caption-attachment-1571\" style=\"width: 764px\" class=\"wp-caption aligncenter\"><a href=\"https:\/\/nicolasdelarre-photography.com\/wp-content\/uploads\/2025\/03\/IMG_6878-vw-scaled.jpg\"><img loading=\"lazy\" decoding=\"async\" class=\"size-large wp-image-1571\" src=\"https:\/\/nicolasdelarre-photography.com\/wp-content\/uploads\/2025\/03\/IMG_6878-vw-1024x679.jpg\" alt=\"Le mus\u00e9e d'art, d'architecture et de technologie de Lisbonne.\" width=\"764\" height=\"507\" srcset=\"https:\/\/nicolasdelarre-photography.com\/wp-content\/uploads\/2025\/03\/IMG_6878-vw-1024x679.jpg 1024w, https:\/\/nicolasdelarre-photography.com\/wp-content\/uploads\/2025\/03\/IMG_6878-vw-300x199.jpg 300w, https:\/\/nicolasdelarre-photography.com\/wp-content\/uploads\/2025\/03\/IMG_6878-vw-768x509.jpg 768w, https:\/\/nicolasdelarre-photography.com\/wp-content\/uploads\/2025\/03\/IMG_6878-vw-1536x1018.jpg 1536w, https:\/\/nicolasdelarre-photography.com\/wp-content\/uploads\/2025\/03\/IMG_6878-vw-2048x1358.jpg 2048w\" sizes=\"auto, (max-width: 764px) 100vw, 764px\" \/><\/a><figcaption id=\"caption-attachment-1571\" class=\"wp-caption-text\">Le mus\u00e9e d&rsquo;art, d&rsquo;architecture et de technologie de Lisbonne.<\/figcaption><\/figure>\n<p>&nbsp;<\/p>\n<figure id=\"attachment_1327\" aria-describedby=\"caption-attachment-1327\" style=\"width: 764px\" class=\"wp-caption aligncenter\"><a href=\"https:\/\/nicolasdelarre-photography.com\/wp-content\/uploads\/2024\/05\/IMG_1185-vw-scaled.jpg\"><img loading=\"lazy\" decoding=\"async\" class=\"size-large wp-image-1327\" src=\"https:\/\/nicolasdelarre-photography.com\/wp-content\/uploads\/2024\/05\/IMG_1185-vw-1024x762.jpg\" alt=\"La verri\u00e8re du mus\u00e9e maritime d'Amsterdam (Inspir\u00e9e par la rose des vents).\" width=\"764\" height=\"569\" srcset=\"https:\/\/nicolasdelarre-photography.com\/wp-content\/uploads\/2024\/05\/IMG_1185-vw-1024x762.jpg 1024w, https:\/\/nicolasdelarre-photography.com\/wp-content\/uploads\/2024\/05\/IMG_1185-vw-300x223.jpg 300w, https:\/\/nicolasdelarre-photography.com\/wp-content\/uploads\/2024\/05\/IMG_1185-vw-768x572.jpg 768w, https:\/\/nicolasdelarre-photography.com\/wp-content\/uploads\/2024\/05\/IMG_1185-vw-1536x1143.jpg 1536w, https:\/\/nicolasdelarre-photography.com\/wp-content\/uploads\/2024\/05\/IMG_1185-vw-2048x1524.jpg 2048w\" sizes=\"auto, (max-width: 764px) 100vw, 764px\" \/><\/a><figcaption id=\"caption-attachment-1327\" class=\"wp-caption-text\">La verri\u00e8re du mus\u00e9e maritime d&rsquo;Amsterdam (Inspir\u00e9e par la rose des vents).<\/figcaption><\/figure>\n<p>&nbsp;<\/p>\n<figure id=\"attachment_998\" aria-describedby=\"caption-attachment-998\" style=\"width: 719px\" class=\"wp-caption aligncenter\"><a href=\"https:\/\/nicolasdelarre-photography.com\/wp-content\/uploads\/2023\/07\/IMG_9980_Version-1-scaled.jpg\"><img loading=\"lazy\" decoding=\"async\" class=\" wp-image-998\" src=\"https:\/\/nicolasdelarre-photography.com\/wp-content\/uploads\/2023\/07\/IMG_9980_Version-1-1024x654.jpg\" alt=\"V\u00e9loparking, gare de Gen\u00e8ve-S\u00e9cheron.\" width=\"719\" height=\"459\" srcset=\"https:\/\/nicolasdelarre-photography.com\/wp-content\/uploads\/2023\/07\/IMG_9980_Version-1-1024x654.jpg 1024w, https:\/\/nicolasdelarre-photography.com\/wp-content\/uploads\/2023\/07\/IMG_9980_Version-1-300x192.jpg 300w, https:\/\/nicolasdelarre-photography.com\/wp-content\/uploads\/2023\/07\/IMG_9980_Version-1-768x491.jpg 768w, https:\/\/nicolasdelarre-photography.com\/wp-content\/uploads\/2023\/07\/IMG_9980_Version-1-1536x982.jpg 1536w, https:\/\/nicolasdelarre-photography.com\/wp-content\/uploads\/2023\/07\/IMG_9980_Version-1-2048x1309.jpg 2048w\" sizes=\"auto, (max-width: 719px) 100vw, 719px\" \/><\/a><figcaption id=\"caption-attachment-998\" class=\"wp-caption-text\">V\u00e9loparking, gare de Gen\u00e8ve-S\u00e9cheron<a href=\"https:\/\/www.youtube.com\/watch?v=h6xlK1tmKpE\">.<\/a><\/figcaption><\/figure>\n<p>&nbsp;<\/p>\n<figure id=\"attachment_800\" aria-describedby=\"caption-attachment-800\" style=\"width: 564px\" class=\"wp-caption aligncenter\"><a href=\"https:\/\/nicolasdelarre-photography.com\/wp-content\/uploads\/2023\/02\/IMG_0290-Version-1-scaled.jpg\"><img loading=\"lazy\" decoding=\"async\" class=\" wp-image-800\" src=\"https:\/\/nicolasdelarre-photography.com\/wp-content\/uploads\/2023\/02\/IMG_0290-Version-1-683x1024.jpg\" alt=\"Le b\u00e2timent SPG de Gen\u00e8ve.\" width=\"564\" height=\"846\" srcset=\"https:\/\/nicolasdelarre-photography.com\/wp-content\/uploads\/2023\/02\/IMG_0290-Version-1-683x1024.jpg 683w, https:\/\/nicolasdelarre-photography.com\/wp-content\/uploads\/2023\/02\/IMG_0290-Version-1-200x300.jpg 200w, https:\/\/nicolasdelarre-photography.com\/wp-content\/uploads\/2023\/02\/IMG_0290-Version-1-768x1152.jpg 768w, https:\/\/nicolasdelarre-photography.com\/wp-content\/uploads\/2023\/02\/IMG_0290-Version-1-1024x1536.jpg 1024w, https:\/\/nicolasdelarre-photography.com\/wp-content\/uploads\/2023\/02\/IMG_0290-Version-1-1365x2048.jpg 1365w, https:\/\/nicolasdelarre-photography.com\/wp-content\/uploads\/2023\/02\/IMG_0290-Version-1-scaled.jpg 1707w\" sizes=\"auto, (max-width: 564px) 100vw, 564px\" \/><\/a><figcaption id=\"caption-attachment-800\" class=\"wp-caption-text\">Le b\u00e2timent SPG de Gen\u00e8ve.<\/figcaption><\/figure>\n<p>&nbsp;<\/p>\n<figure id=\"attachment_417\" aria-describedby=\"caption-attachment-417\" style=\"width: 667px\" class=\"wp-caption aligncenter\"><a href=\"https:\/\/nicolasdelarre-photography.com\/wp-content\/uploads\/2022\/07\/IMG_6947-Version1-scaled.jpg\"><img loading=\"lazy\" decoding=\"async\" class=\" wp-image-417\" src=\"https:\/\/nicolasdelarre-photography.com\/wp-content\/uploads\/2022\/07\/IMG_6947-Version1-1024x699.jpg\" alt=\"Gare Lille Europe.\" width=\"667\" height=\"456\" srcset=\"https:\/\/nicolasdelarre-photography.com\/wp-content\/uploads\/2022\/07\/IMG_6947-Version1-1024x699.jpg 1024w, https:\/\/nicolasdelarre-photography.com\/wp-content\/uploads\/2022\/07\/IMG_6947-Version1-300x205.jpg 300w, https:\/\/nicolasdelarre-photography.com\/wp-content\/uploads\/2022\/07\/IMG_6947-Version1-768x524.jpg 768w, https:\/\/nicolasdelarre-photography.com\/wp-content\/uploads\/2022\/07\/IMG_6947-Version1-1536x1049.jpg 1536w, https:\/\/nicolasdelarre-photography.com\/wp-content\/uploads\/2022\/07\/IMG_6947-Version1-2048x1398.jpg 2048w\" sizes=\"auto, (max-width: 667px) 100vw, 667px\" \/><\/a><figcaption id=\"caption-attachment-417\" class=\"wp-caption-text\">Gare Lille Europe.<\/figcaption><\/figure>\n<p>&nbsp;<\/p>\n<figure id=\"attachment_533\" aria-describedby=\"caption-attachment-533\" style=\"width: 716px\" class=\"wp-caption aligncenter\"><a href=\"https:\/\/nicolasdelarre-photography.com\/wp-content\/uploads\/2022\/10\/IMG_0670_03-Version-1-scaled.jpg\"><img loading=\"lazy\" decoding=\"async\" class=\" wp-image-533\" src=\"https:\/\/nicolasdelarre-photography.com\/wp-content\/uploads\/2022\/10\/IMG_0670_03-Version-1-1024x703.jpg\" alt=\"Les escaliers du mus\u00e9e d'ethnographie de Gen\u00e8ve.\" width=\"716\" height=\"492\" srcset=\"https:\/\/nicolasdelarre-photography.com\/wp-content\/uploads\/2022\/10\/IMG_0670_03-Version-1-1024x703.jpg 1024w, https:\/\/nicolasdelarre-photography.com\/wp-content\/uploads\/2022\/10\/IMG_0670_03-Version-1-300x206.jpg 300w, https:\/\/nicolasdelarre-photography.com\/wp-content\/uploads\/2022\/10\/IMG_0670_03-Version-1-768x527.jpg 768w, https:\/\/nicolasdelarre-photography.com\/wp-content\/uploads\/2022\/10\/IMG_0670_03-Version-1-1536x1054.jpg 1536w, https:\/\/nicolasdelarre-photography.com\/wp-content\/uploads\/2022\/10\/IMG_0670_03-Version-1-2048x1405.jpg 2048w\" sizes=\"auto, (max-width: 716px) 100vw, 716px\" \/><\/a><figcaption id=\"caption-attachment-533\" class=\"wp-caption-text\">Les escaliers du mus\u00e9e d&rsquo;ethnographie de Gen\u00e8ve.<\/figcaption><\/figure>\n<p>&nbsp;<\/p>\n<figure id=\"attachment_328\" aria-describedby=\"caption-attachment-328\" style=\"width: 565px\" class=\"wp-caption aligncenter\"><a href=\"https:\/\/nicolasdelarre-photography.com\/wp-content\/uploads\/2022\/07\/IMG_7670_02-Version-1-scaled.jpg\"><img loading=\"lazy\" decoding=\"async\" class=\" wp-image-328\" src=\"https:\/\/nicolasdelarre-photography.com\/wp-content\/uploads\/2022\/07\/IMG_7670_02-Version-1-664x1024.jpg\" alt=\"Le Why H\u00f4tel, Lille.\" width=\"565\" height=\"871\" srcset=\"https:\/\/nicolasdelarre-photography.com\/wp-content\/uploads\/2022\/07\/IMG_7670_02-Version-1-664x1024.jpg 664w, https:\/\/nicolasdelarre-photography.com\/wp-content\/uploads\/2022\/07\/IMG_7670_02-Version-1-194x300.jpg 194w, https:\/\/nicolasdelarre-photography.com\/wp-content\/uploads\/2022\/07\/IMG_7670_02-Version-1-768x1185.jpg 768w, https:\/\/nicolasdelarre-photography.com\/wp-content\/uploads\/2022\/07\/IMG_7670_02-Version-1-996x1536.jpg 996w, https:\/\/nicolasdelarre-photography.com\/wp-content\/uploads\/2022\/07\/IMG_7670_02-Version-1-1328x2048.jpg 1328w, https:\/\/nicolasdelarre-photography.com\/wp-content\/uploads\/2022\/07\/IMG_7670_02-Version-1-scaled.jpg 1660w\" sizes=\"auto, (max-width: 565px) 100vw, 565px\" \/><\/a><figcaption id=\"caption-attachment-328\" class=\"wp-caption-text\">Le Why H\u00f4tel, Lille.<\/figcaption><\/figure>\n<p>&nbsp;<\/p>\n<p>&nbsp;<\/p>\n<p>&nbsp;<\/p>\n<p>&nbsp;<\/p>\n<p>&nbsp;<\/p>\n<p>&nbsp;<\/p>\n","protected":false},"excerpt":{"rendered":"<p>&nbsp; &nbsp; &nbsp; &nbsp; &nbsp; &nbsp; &nbsp; &nbsp; &nbsp; &nbsp; &nbsp; &nbsp; &nbsp; &nbsp; &nbsp; &nbsp; &nbsp; &nbsp; &nbsp; &nbsp;<\/p>\n","protected":false},"author":1,"featured_media":0,"parent":0,"menu_order":0,"comment_status":"closed","ping_status":"closed","template":"","meta":{"footnotes":""},"class_list":["post-32","page","type-page","status-publish","hentry"],"yoast_head":"<!-- This site is optimized with the Yoast SEO plugin v27.5 - https:\/\/yoast.com\/product\/yoast-seo-wordpress\/ -->\n<title>Graphisme urbain - Nicolas Delarre Photography<\/title>\n<meta name=\"description\" content=\"Graphisme urbain\" \/>\n<meta name=\"robots\" content=\"index, follow, max-snippet:-1, max-image-preview:large, max-video-preview:-1\" \/>\n<link rel=\"canonical\" href=\"https:\/\/nicolasdelarre-photography.com\/?page_id=32\" \/>\n<meta property=\"og:locale\" content=\"fr_FR\" \/>\n<meta property=\"og:type\" content=\"article\" \/>\n<meta property=\"og:title\" content=\"Graphisme urbain - Nicolas Delarre Photography\" \/>\n<meta property=\"og:description\" content=\"Graphisme urbain\" \/>\n<meta property=\"og:url\" content=\"https:\/\/nicolasdelarre-photography.com\/?page_id=32\" \/>\n<meta property=\"og:site_name\" content=\"Nicolas Delarre Photography\" \/>\n<meta property=\"article:modified_time\" content=\"2026-01-29T18:18:31+00:00\" \/>\n<meta property=\"og:image\" content=\"https:\/\/nicolasdelarre-photography.com\/wp-content\/uploads\/2025\/01\/IMG_0992-vw-scaled.jpg\" \/>\n\t<meta property=\"og:image:width\" content=\"2560\" \/>\n\t<meta property=\"og:image:height\" content=\"2057\" \/>\n\t<meta property=\"og:image:type\" content=\"image\/jpeg\" \/>\n<meta name=\"twitter:card\" content=\"summary_large_image\" \/>\n<meta name=\"twitter:label1\" content=\"Dur\u00e9e de lecture estim\u00e9e\" \/>\n\t<meta name=\"twitter:data1\" content=\"4 minutes\" \/>\n<script type=\"application\/ld+json\" class=\"yoast-schema-graph\">{\"@context\":\"https:\\\/\\\/schema.org\",\"@graph\":[{\"@type\":\"WebPage\",\"@id\":\"https:\\\/\\\/nicolasdelarre-photography.com\\\/?page_id=32\",\"url\":\"https:\\\/\\\/nicolasdelarre-photography.com\\\/?page_id=32\",\"name\":\"Graphisme urbain - Nicolas Delarre Photography\",\"isPartOf\":{\"@id\":\"https:\\\/\\\/nicolasdelarre-photography.com\\\/#website\"},\"primaryImageOfPage\":{\"@id\":\"https:\\\/\\\/nicolasdelarre-photography.com\\\/?page_id=32#primaryimage\"},\"image\":{\"@id\":\"https:\\\/\\\/nicolasdelarre-photography.com\\\/?page_id=32#primaryimage\"},\"thumbnailUrl\":\"https:\\\/\\\/nicolasdelarre-photography.com\\\/wp-content\\\/uploads\\\/2025\\\/01\\\/IMG_0992-vw-1024x823.jpg\",\"datePublished\":\"2022-06-24T14:46:08+00:00\",\"dateModified\":\"2026-01-29T18:18:31+00:00\",\"description\":\"Graphisme urbain\",\"breadcrumb\":{\"@id\":\"https:\\\/\\\/nicolasdelarre-photography.com\\\/?page_id=32#breadcrumb\"},\"inLanguage\":\"fr-FR\",\"potentialAction\":[{\"@type\":\"ReadAction\",\"target\":[\"https:\\\/\\\/nicolasdelarre-photography.com\\\/?page_id=32\"]}]},{\"@type\":\"ImageObject\",\"inLanguage\":\"fr-FR\",\"@id\":\"https:\\\/\\\/nicolasdelarre-photography.com\\\/?page_id=32#primaryimage\",\"url\":\"https:\\\/\\\/nicolasdelarre-photography.com\\\/wp-content\\\/uploads\\\/2025\\\/01\\\/IMG_0992-vw-scaled.jpg\",\"contentUrl\":\"https:\\\/\\\/nicolasdelarre-photography.com\\\/wp-content\\\/uploads\\\/2025\\\/01\\\/IMG_0992-vw-scaled.jpg\",\"width\":2560,\"height\":2057,\"caption\":\"Reichbank, Amsterdam.\"},{\"@type\":\"BreadcrumbList\",\"@id\":\"https:\\\/\\\/nicolasdelarre-photography.com\\\/?page_id=32#breadcrumb\",\"itemListElement\":[{\"@type\":\"ListItem\",\"position\":1,\"name\":\"Accueil\",\"item\":\"https:\\\/\\\/nicolasdelarre-photography.com\\\/\"},{\"@type\":\"ListItem\",\"position\":2,\"name\":\"Graphisme urbain\"}]},{\"@type\":\"WebSite\",\"@id\":\"https:\\\/\\\/nicolasdelarre-photography.com\\\/#website\",\"url\":\"https:\\\/\\\/nicolasdelarre-photography.com\\\/\",\"name\":\"Nicolas Delarre Photography\",\"description\":\"\",\"potentialAction\":[{\"@type\":\"SearchAction\",\"target\":{\"@type\":\"EntryPoint\",\"urlTemplate\":\"https:\\\/\\\/nicolasdelarre-photography.com\\\/?s={search_term_string}\"},\"query-input\":{\"@type\":\"PropertyValueSpecification\",\"valueRequired\":true,\"valueName\":\"search_term_string\"}}],\"inLanguage\":\"fr-FR\"}]}<\/script>\n<!-- \/ Yoast SEO plugin. -->","yoast_head_json":{"title":"Graphisme urbain - Nicolas Delarre Photography","description":"Graphisme urbain","robots":{"index":"index","follow":"follow","max-snippet":"max-snippet:-1","max-image-preview":"max-image-preview:large","max-video-preview":"max-video-preview:-1"},"canonical":"https:\/\/nicolasdelarre-photography.com\/?page_id=32","og_locale":"fr_FR","og_type":"article","og_title":"Graphisme urbain - Nicolas Delarre Photography","og_description":"Graphisme urbain","og_url":"https:\/\/nicolasdelarre-photography.com\/?page_id=32","og_site_name":"Nicolas Delarre Photography","article_modified_time":"2026-01-29T18:18:31+00:00","og_image":[{"width":2560,"height":2057,"url":"https:\/\/nicolasdelarre-photography.com\/wp-content\/uploads\/2025\/01\/IMG_0992-vw-scaled.jpg","type":"image\/jpeg"}],"twitter_card":"summary_large_image","twitter_misc":{"Dur\u00e9e de lecture estim\u00e9e":"4 minutes"},"schema":{"@context":"https:\/\/schema.org","@graph":[{"@type":"WebPage","@id":"https:\/\/nicolasdelarre-photography.com\/?page_id=32","url":"https:\/\/nicolasdelarre-photography.com\/?page_id=32","name":"Graphisme urbain - Nicolas Delarre Photography","isPartOf":{"@id":"https:\/\/nicolasdelarre-photography.com\/#website"},"primaryImageOfPage":{"@id":"https:\/\/nicolasdelarre-photography.com\/?page_id=32#primaryimage"},"image":{"@id":"https:\/\/nicolasdelarre-photography.com\/?page_id=32#primaryimage"},"thumbnailUrl":"https:\/\/nicolasdelarre-photography.com\/wp-content\/uploads\/2025\/01\/IMG_0992-vw-1024x823.jpg","datePublished":"2022-06-24T14:46:08+00:00","dateModified":"2026-01-29T18:18:31+00:00","description":"Graphisme urbain","breadcrumb":{"@id":"https:\/\/nicolasdelarre-photography.com\/?page_id=32#breadcrumb"},"inLanguage":"fr-FR","potentialAction":[{"@type":"ReadAction","target":["https:\/\/nicolasdelarre-photography.com\/?page_id=32"]}]},{"@type":"ImageObject","inLanguage":"fr-FR","@id":"https:\/\/nicolasdelarre-photography.com\/?page_id=32#primaryimage","url":"https:\/\/nicolasdelarre-photography.com\/wp-content\/uploads\/2025\/01\/IMG_0992-vw-scaled.jpg","contentUrl":"https:\/\/nicolasdelarre-photography.com\/wp-content\/uploads\/2025\/01\/IMG_0992-vw-scaled.jpg","width":2560,"height":2057,"caption":"Reichbank, Amsterdam."},{"@type":"BreadcrumbList","@id":"https:\/\/nicolasdelarre-photography.com\/?page_id=32#breadcrumb","itemListElement":[{"@type":"ListItem","position":1,"name":"Accueil","item":"https:\/\/nicolasdelarre-photography.com\/"},{"@type":"ListItem","position":2,"name":"Graphisme urbain"}]},{"@type":"WebSite","@id":"https:\/\/nicolasdelarre-photography.com\/#website","url":"https:\/\/nicolasdelarre-photography.com\/","name":"Nicolas Delarre Photography","description":"","potentialAction":[{"@type":"SearchAction","target":{"@type":"EntryPoint","urlTemplate":"https:\/\/nicolasdelarre-photography.com\/?s={search_term_string}"},"query-input":{"@type":"PropertyValueSpecification","valueRequired":true,"valueName":"search_term_string"}}],"inLanguage":"fr-FR"}]}},"_links":{"self":[{"href":"https:\/\/nicolasdelarre-photography.com\/index.php?rest_route=\/wp\/v2\/pages\/32","targetHints":{"allow":["GET"]}}],"collection":[{"href":"https:\/\/nicolasdelarre-photography.com\/index.php?rest_route=\/wp\/v2\/pages"}],"about":[{"href":"https:\/\/nicolasdelarre-photography.com\/index.php?rest_route=\/wp\/v2\/types\/page"}],"author":[{"embeddable":true,"href":"https:\/\/nicolasdelarre-photography.com\/index.php?rest_route=\/wp\/v2\/users\/1"}],"replies":[{"embeddable":true,"href":"https:\/\/nicolasdelarre-photography.com\/index.php?rest_route=%2Fwp%2Fv2%2Fcomments&post=32"}],"version-history":[{"count":319,"href":"https:\/\/nicolasdelarre-photography.com\/index.php?rest_route=\/wp\/v2\/pages\/32\/revisions"}],"predecessor-version":[{"id":1810,"href":"https:\/\/nicolasdelarre-photography.com\/index.php?rest_route=\/wp\/v2\/pages\/32\/revisions\/1810"}],"wp:attachment":[{"href":"https:\/\/nicolasdelarre-photography.com\/index.php?rest_route=%2Fwp%2Fv2%2Fmedia&parent=32"}],"curies":[{"name":"wp","href":"https:\/\/api.w.org\/{rel}","templated":true}]}}