{"id":52,"date":"2022-06-24T17:03:52","date_gmt":"2022-06-24T15:03:52","guid":{"rendered":"https:\/\/nicolasdelarre-photography.com\/?page_id=52"},"modified":"2026-01-29T19:32:13","modified_gmt":"2026-01-29T18:32:13","slug":"galerie-4","status":"publish","type":"page","link":"https:\/\/nicolasdelarre-photography.com\/?page_id=52","title":{"rendered":"Miroirs"},"content":{"rendered":"<p>&nbsp;<\/p>\n<figure id=\"attachment_1508\" aria-describedby=\"caption-attachment-1508\" style=\"width: 473px\" class=\"wp-caption aligncenter\"><a href=\"https:\/\/nicolasdelarre-photography.com\/wp-content\/uploads\/2025\/01\/IMG_1088-vw1-scaled.jpg\"><img loading=\"lazy\" decoding=\"async\" class=\" wp-image-1508\" src=\"https:\/\/nicolasdelarre-photography.com\/wp-content\/uploads\/2025\/01\/IMG_1088-vw1-676x1024.jpg\" alt=\"L'\u00e9glise Saint-Charles-Borrom\u00e9e de Vienne.\" width=\"473\" height=\"717\" srcset=\"https:\/\/nicolasdelarre-photography.com\/wp-content\/uploads\/2025\/01\/IMG_1088-vw1-676x1024.jpg 676w, https:\/\/nicolasdelarre-photography.com\/wp-content\/uploads\/2025\/01\/IMG_1088-vw1-198x300.jpg 198w, https:\/\/nicolasdelarre-photography.com\/wp-content\/uploads\/2025\/01\/IMG_1088-vw1-768x1164.jpg 768w, https:\/\/nicolasdelarre-photography.com\/wp-content\/uploads\/2025\/01\/IMG_1088-vw1-1013x1536.jpg 1013w, https:\/\/nicolasdelarre-photography.com\/wp-content\/uploads\/2025\/01\/IMG_1088-vw1-1351x2048.jpg 1351w, https:\/\/nicolasdelarre-photography.com\/wp-content\/uploads\/2025\/01\/IMG_1088-vw1-scaled.jpg 1689w\" sizes=\"auto, (max-width: 473px) 100vw, 473px\" \/><\/a><figcaption id=\"caption-attachment-1508\" class=\"wp-caption-text\">L&rsquo;\u00e9glise Saint-Charles-Borrom\u00e9e de Vienne.<\/figcaption><\/figure>\n<p>&nbsp;<\/p>\n<figure id=\"attachment_1496\" aria-describedby=\"caption-attachment-1496\" style=\"width: 485px\" class=\"wp-caption aligncenter\"><a href=\"https:\/\/nicolasdelarre-photography.com\/wp-content\/uploads\/2025\/01\/IMG_4446-vw-scaled.jpg\"><img loading=\"lazy\" decoding=\"async\" class=\" wp-image-1496\" src=\"https:\/\/nicolasdelarre-photography.com\/wp-content\/uploads\/2025\/01\/IMG_4446-vw-697x1024.jpg\" alt=\"Un nouveau jour pour Lisbonne (Le pont Vasco de Gama).\" width=\"485\" height=\"713\" srcset=\"https:\/\/nicolasdelarre-photography.com\/wp-content\/uploads\/2025\/01\/IMG_4446-vw-697x1024.jpg 697w, https:\/\/nicolasdelarre-photography.com\/wp-content\/uploads\/2025\/01\/IMG_4446-vw-204x300.jpg 204w, https:\/\/nicolasdelarre-photography.com\/wp-content\/uploads\/2025\/01\/IMG_4446-vw-768x1128.jpg 768w, https:\/\/nicolasdelarre-photography.com\/wp-content\/uploads\/2025\/01\/IMG_4446-vw-1045x1536.jpg 1045w, https:\/\/nicolasdelarre-photography.com\/wp-content\/uploads\/2025\/01\/IMG_4446-vw-1394x2048.jpg 1394w, https:\/\/nicolasdelarre-photography.com\/wp-content\/uploads\/2025\/01\/IMG_4446-vw-scaled.jpg 1742w\" sizes=\"auto, (max-width: 485px) 100vw, 485px\" \/><\/a><figcaption id=\"caption-attachment-1496\" class=\"wp-caption-text\">Un nouveau jour pour Lisbonne. Le pont Vasco de Gama.<\/figcaption><\/figure>\n<p>&nbsp;<\/p>\n<figure id=\"attachment_1494\" aria-describedby=\"caption-attachment-1494\" style=\"width: 764px\" class=\"wp-caption aligncenter\"><a href=\"https:\/\/nicolasdelarre-photography.com\/wp-content\/uploads\/2025\/01\/IMG_0346-vw-scaled.jpg\"><img loading=\"lazy\" decoding=\"async\" class=\"size-large wp-image-1494\" src=\"https:\/\/nicolasdelarre-photography.com\/wp-content\/uploads\/2025\/01\/IMG_0346-vw-1024x708.jpg\" alt=\"Les couleurs de Gen\u00e8ve.\" width=\"764\" height=\"528\" srcset=\"https:\/\/nicolasdelarre-photography.com\/wp-content\/uploads\/2025\/01\/IMG_0346-vw-1024x708.jpg 1024w, https:\/\/nicolasdelarre-photography.com\/wp-content\/uploads\/2025\/01\/IMG_0346-vw-300x207.jpg 300w, https:\/\/nicolasdelarre-photography.com\/wp-content\/uploads\/2025\/01\/IMG_0346-vw-768x531.jpg 768w, https:\/\/nicolasdelarre-photography.com\/wp-content\/uploads\/2025\/01\/IMG_0346-vw-1536x1062.jpg 1536w, https:\/\/nicolasdelarre-photography.com\/wp-content\/uploads\/2025\/01\/IMG_0346-vw-2048x1415.jpg 2048w\" sizes=\"auto, (max-width: 764px) 100vw, 764px\" \/><\/a><figcaption id=\"caption-attachment-1494\" class=\"wp-caption-text\">Les couleurs de Gen\u00e8ve.<\/figcaption><\/figure>\n<p>&nbsp;<\/p>\n<figure id=\"attachment_1809\" aria-describedby=\"caption-attachment-1809\" style=\"width: 764px\" class=\"wp-caption aligncenter\"><a href=\"https:\/\/nicolasdelarre-photography.com\/wp-content\/uploads\/2026\/01\/IMG_4054-vw-scaled.jpg\"><img loading=\"lazy\" decoding=\"async\" class=\"size-large wp-image-1809\" src=\"https:\/\/nicolasdelarre-photography.com\/wp-content\/uploads\/2026\/01\/IMG_4054-vw-1024x683.jpg\" alt=\"Le Damrak d'Amsterdam.\" width=\"764\" height=\"510\" srcset=\"https:\/\/nicolasdelarre-photography.com\/wp-content\/uploads\/2026\/01\/IMG_4054-vw-1024x683.jpg 1024w, https:\/\/nicolasdelarre-photography.com\/wp-content\/uploads\/2026\/01\/IMG_4054-vw-300x200.jpg 300w, https:\/\/nicolasdelarre-photography.com\/wp-content\/uploads\/2026\/01\/IMG_4054-vw-768x512.jpg 768w, https:\/\/nicolasdelarre-photography.com\/wp-content\/uploads\/2026\/01\/IMG_4054-vw-1536x1024.jpg 1536w, https:\/\/nicolasdelarre-photography.com\/wp-content\/uploads\/2026\/01\/IMG_4054-vw-2048x1365.jpg 2048w\" sizes=\"auto, (max-width: 764px) 100vw, 764px\" \/><\/a><figcaption id=\"caption-attachment-1809\" class=\"wp-caption-text\">Le Damrak d&rsquo;Amsterdam.<\/figcaption><\/figure>\n<p>&nbsp;<\/p>\n<figure id=\"attachment_348\" aria-describedby=\"caption-attachment-348\" style=\"width: 581px\" class=\"wp-caption aligncenter\"><img loading=\"lazy\" decoding=\"async\" class=\" wp-image-348\" src=\"https:\/\/nicolasdelarre-photography.com\/wp-content\/uploads\/2022\/07\/IMG_2560-Version-1-767x1024.jpg\" alt=\"L'h\u00f4tel Dieu de Lyon refl\u00e9t\u00e9 par le Rh\u00f4ne.\" width=\"581\" height=\"776\" srcset=\"https:\/\/nicolasdelarre-photography.com\/wp-content\/uploads\/2022\/07\/IMG_2560-Version-1-767x1024.jpg 767w, https:\/\/nicolasdelarre-photography.com\/wp-content\/uploads\/2022\/07\/IMG_2560-Version-1-225x300.jpg 225w, https:\/\/nicolasdelarre-photography.com\/wp-content\/uploads\/2022\/07\/IMG_2560-Version-1-768x1025.jpg 768w, https:\/\/nicolasdelarre-photography.com\/wp-content\/uploads\/2022\/07\/IMG_2560-Version-1-1150x1536.jpg 1150w, https:\/\/nicolasdelarre-photography.com\/wp-content\/uploads\/2022\/07\/IMG_2560-Version-1-1534x2048.jpg 1534w, https:\/\/nicolasdelarre-photography.com\/wp-content\/uploads\/2022\/07\/IMG_2560-Version-1-800x1067.jpg 800w, https:\/\/nicolasdelarre-photography.com\/wp-content\/uploads\/2022\/07\/IMG_2560-Version-1-scaled.jpg 1917w\" sizes=\"auto, (max-width: 581px) 100vw, 581px\" \/><figcaption id=\"caption-attachment-348\" class=\"wp-caption-text\">L&rsquo;h\u00f4tel Dieu de Lyon refl\u00e9t\u00e9 par le Rh\u00f4ne.<\/figcaption><\/figure>\n<p>&nbsp;<\/p>\n<figure id=\"attachment_1780\" aria-describedby=\"caption-attachment-1780\" style=\"width: 764px\" class=\"wp-caption aligncenter\"><a href=\"https:\/\/nicolasdelarre-photography.com\/wp-content\/uploads\/2025\/10\/IMG_2005_vw2-scaled.jpg\"><img loading=\"lazy\" decoding=\"async\" class=\"size-large wp-image-1780\" src=\"https:\/\/nicolasdelarre-photography.com\/wp-content\/uploads\/2025\/10\/IMG_2005_vw2-1024x685.jpg\" alt=\"Le pont Charles de Prague.\" width=\"764\" height=\"511\" srcset=\"https:\/\/nicolasdelarre-photography.com\/wp-content\/uploads\/2025\/10\/IMG_2005_vw2-1024x685.jpg 1024w, https:\/\/nicolasdelarre-photography.com\/wp-content\/uploads\/2025\/10\/IMG_2005_vw2-300x201.jpg 300w, https:\/\/nicolasdelarre-photography.com\/wp-content\/uploads\/2025\/10\/IMG_2005_vw2-768x514.jpg 768w, https:\/\/nicolasdelarre-photography.com\/wp-content\/uploads\/2025\/10\/IMG_2005_vw2-1536x1027.jpg 1536w, https:\/\/nicolasdelarre-photography.com\/wp-content\/uploads\/2025\/10\/IMG_2005_vw2-2048x1370.jpg 2048w\" sizes=\"auto, (max-width: 764px) 100vw, 764px\" \/><\/a><figcaption id=\"caption-attachment-1780\" class=\"wp-caption-text\">Le pont Charles de Prague.<\/figcaption><\/figure>\n<p>&nbsp;<\/p>\n<figure id=\"attachment_1073\" aria-describedby=\"caption-attachment-1073\" style=\"width: 764px\" class=\"wp-caption aligncenter\"><a href=\"https:\/\/nicolasdelarre-photography.com\/wp-content\/uploads\/2023\/10\/IMG_9418-sw-scaled.jpg\"><img loading=\"lazy\" decoding=\"async\" class=\"size-large wp-image-1073\" src=\"https:\/\/nicolasdelarre-photography.com\/wp-content\/uploads\/2023\/10\/IMG_9418-sw-1024x694.jpg\" alt=\"Le palais du Belv\u00e9d\u00e8re de Vienne.\" width=\"764\" height=\"518\" srcset=\"https:\/\/nicolasdelarre-photography.com\/wp-content\/uploads\/2023\/10\/IMG_9418-sw-1024x694.jpg 1024w, https:\/\/nicolasdelarre-photography.com\/wp-content\/uploads\/2023\/10\/IMG_9418-sw-300x203.jpg 300w, https:\/\/nicolasdelarre-photography.com\/wp-content\/uploads\/2023\/10\/IMG_9418-sw-768x521.jpg 768w, https:\/\/nicolasdelarre-photography.com\/wp-content\/uploads\/2023\/10\/IMG_9418-sw-1536x1041.jpg 1536w, https:\/\/nicolasdelarre-photography.com\/wp-content\/uploads\/2023\/10\/IMG_9418-sw-2048x1388.jpg 2048w\" sizes=\"auto, (max-width: 764px) 100vw, 764px\" \/><\/a><figcaption id=\"caption-attachment-1073\" class=\"wp-caption-text\">Le palais du Belv\u00e9d\u00e8re de Vienne.<\/figcaption><\/figure>\n<p>&nbsp;<\/p>\n<figure id=\"attachment_1704\" aria-describedby=\"caption-attachment-1704\" style=\"width: 733px\" class=\"wp-caption aligncenter\"><a href=\"https:\/\/nicolasdelarre-photography.com\/?page_id=1706\"><img loading=\"lazy\" decoding=\"async\" class=\" wp-image-1704\" src=\"https:\/\/nicolasdelarre-photography.com\/wp-content\/uploads\/2025\/08\/IMG_5762_02-vw-1024x839.jpg\" alt=\"Installation de Mathias Kiss (2019).\" width=\"733\" height=\"601\" srcset=\"https:\/\/nicolasdelarre-photography.com\/wp-content\/uploads\/2025\/08\/IMG_5762_02-vw-1024x839.jpg 1024w, https:\/\/nicolasdelarre-photography.com\/wp-content\/uploads\/2025\/08\/IMG_5762_02-vw-300x246.jpg 300w, https:\/\/nicolasdelarre-photography.com\/wp-content\/uploads\/2025\/08\/IMG_5762_02-vw-768x629.jpg 768w, https:\/\/nicolasdelarre-photography.com\/wp-content\/uploads\/2025\/08\/IMG_5762_02-vw-1536x1258.jpg 1536w, https:\/\/nicolasdelarre-photography.com\/wp-content\/uploads\/2025\/08\/IMG_5762_02-vw-2048x1677.jpg 2048w\" sizes=\"auto, (max-width: 733px) 100vw, 733px\" \/><\/a><figcaption id=\"caption-attachment-1704\" class=\"wp-caption-text\">Le palais des beaux arts de Lille.<\/figcaption><\/figure>\n<p>&nbsp;<\/p>\n<figure id=\"attachment_957\" aria-describedby=\"caption-attachment-957\" style=\"width: 648px\" class=\"wp-caption aligncenter\"><a href=\"https:\/\/nicolasdelarre-photography.com\/wp-content\/uploads\/2023\/04\/IMG_0153-v3_01-scaled.jpg\"><img loading=\"lazy\" decoding=\"async\" class=\" wp-image-957\" src=\"https:\/\/nicolasdelarre-photography.com\/wp-content\/uploads\/2023\/04\/IMG_0153-v3_01-1024x837.jpg\" alt=\"Le b\u00e2timent des forces motrices de Gen\u00e8ve.\" width=\"648\" height=\"529\" srcset=\"https:\/\/nicolasdelarre-photography.com\/wp-content\/uploads\/2023\/04\/IMG_0153-v3_01-1024x837.jpg 1024w, https:\/\/nicolasdelarre-photography.com\/wp-content\/uploads\/2023\/04\/IMG_0153-v3_01-300x245.jpg 300w, https:\/\/nicolasdelarre-photography.com\/wp-content\/uploads\/2023\/04\/IMG_0153-v3_01-768x628.jpg 768w, https:\/\/nicolasdelarre-photography.com\/wp-content\/uploads\/2023\/04\/IMG_0153-v3_01-1536x1256.jpg 1536w, https:\/\/nicolasdelarre-photography.com\/wp-content\/uploads\/2023\/04\/IMG_0153-v3_01-2048x1674.jpg 2048w\" sizes=\"auto, (max-width: 648px) 100vw, 648px\" \/><\/a><figcaption id=\"caption-attachment-957\" class=\"wp-caption-text\">Le b\u00e2timent des forces motrices de Gen\u00e8ve.<\/figcaption><\/figure>\n<p>&nbsp;<\/p>\n<figure id=\"attachment_1016\" aria-describedby=\"caption-attachment-1016\" style=\"width: 710px\" class=\"wp-caption aligncenter\"><a href=\"https:\/\/nicolasdelarre-photography.com\/wp-content\/uploads\/2023\/08\/IMG_6975-vw-scaled.jpg\"><img loading=\"lazy\" decoding=\"async\" class=\" wp-image-1016\" src=\"https:\/\/nicolasdelarre-photography.com\/wp-content\/uploads\/2023\/08\/IMG_6975-vw-1024x721.jpg\" alt=\"Le Palais des Beaux-Arts de Lille illumin\u00e9 par Octobre Rose.\" width=\"710\" height=\"500\" srcset=\"https:\/\/nicolasdelarre-photography.com\/wp-content\/uploads\/2023\/08\/IMG_6975-vw-1024x721.jpg 1024w, https:\/\/nicolasdelarre-photography.com\/wp-content\/uploads\/2023\/08\/IMG_6975-vw-300x211.jpg 300w, https:\/\/nicolasdelarre-photography.com\/wp-content\/uploads\/2023\/08\/IMG_6975-vw-768x541.jpg 768w, https:\/\/nicolasdelarre-photography.com\/wp-content\/uploads\/2023\/08\/IMG_6975-vw-1536x1082.jpg 1536w, https:\/\/nicolasdelarre-photography.com\/wp-content\/uploads\/2023\/08\/IMG_6975-vw-2048x1442.jpg 2048w\" sizes=\"auto, (max-width: 710px) 100vw, 710px\" \/><\/a><figcaption id=\"caption-attachment-1016\" class=\"wp-caption-text\">Le Palais des Beaux-Arts de Lille illumin\u00e9 par Octobre Rose.<\/figcaption><\/figure>\n<p>&nbsp;<\/p>\n<figure id=\"attachment_623\" aria-describedby=\"caption-attachment-623\" style=\"width: 764px\" class=\"wp-caption aligncenter\"><a href=\"https:\/\/nicolasdelarre-photography.com\/wp-content\/uploads\/2023\/01\/Le-lac-dAnnecy-1-scaled.jpg\"><img loading=\"lazy\" decoding=\"async\" class=\"size-large wp-image-623\" src=\"https:\/\/nicolasdelarre-photography.com\/wp-content\/uploads\/2023\/01\/Le-lac-dAnnecy-1-1024x629.jpg\" alt=\"Le lac d' Annecy\" width=\"764\" height=\"469\" srcset=\"https:\/\/nicolasdelarre-photography.com\/wp-content\/uploads\/2023\/01\/Le-lac-dAnnecy-1-1024x629.jpg 1024w, https:\/\/nicolasdelarre-photography.com\/wp-content\/uploads\/2023\/01\/Le-lac-dAnnecy-1-300x184.jpg 300w, https:\/\/nicolasdelarre-photography.com\/wp-content\/uploads\/2023\/01\/Le-lac-dAnnecy-1-768x472.jpg 768w, https:\/\/nicolasdelarre-photography.com\/wp-content\/uploads\/2023\/01\/Le-lac-dAnnecy-1-1536x944.jpg 1536w, https:\/\/nicolasdelarre-photography.com\/wp-content\/uploads\/2023\/01\/Le-lac-dAnnecy-1-2048x1259.jpg 2048w\" sizes=\"auto, (max-width: 764px) 100vw, 764px\" \/><\/a><figcaption id=\"caption-attachment-623\" class=\"wp-caption-text\">Le lac d&rsquo; Annecy<\/figcaption><\/figure>\n<p>&nbsp;<\/p>\n<p>&nbsp;<\/p>\n<p>&nbsp;<\/p>\n","protected":false},"excerpt":{"rendered":"<p>&nbsp; &nbsp; &nbsp; &nbsp; &nbsp; &nbsp; &nbsp; &nbsp; &nbsp; &nbsp; &nbsp; &nbsp; &nbsp; &nbsp;<\/p>\n","protected":false},"author":1,"featured_media":0,"parent":0,"menu_order":0,"comment_status":"closed","ping_status":"closed","template":"","meta":{"footnotes":""},"class_list":["post-52","page","type-page","status-publish","hentry"],"yoast_head":"<!-- This site is optimized with the Yoast SEO plugin v27.5 - https:\/\/yoast.com\/product\/yoast-seo-wordpress\/ -->\n<title>Miroirs - Nicolas Delarre Photography<\/title>\n<meta name=\"description\" content=\"Photography Miroirs\" \/>\n<meta name=\"robots\" content=\"index, follow, max-snippet:-1, max-image-preview:large, max-video-preview:-1\" \/>\n<link rel=\"canonical\" href=\"https:\/\/nicolasdelarre-photography.com\/?page_id=52\" \/>\n<meta property=\"og:locale\" content=\"fr_FR\" \/>\n<meta property=\"og:type\" content=\"article\" \/>\n<meta property=\"og:title\" content=\"Miroirs - Nicolas Delarre Photography\" \/>\n<meta property=\"og:description\" content=\"Photography Miroirs\" \/>\n<meta property=\"og:url\" content=\"https:\/\/nicolasdelarre-photography.com\/?page_id=52\" \/>\n<meta property=\"og:site_name\" content=\"Nicolas Delarre Photography\" \/>\n<meta property=\"article:modified_time\" content=\"2026-01-29T18:32:13+00:00\" \/>\n<meta property=\"og:image\" content=\"https:\/\/nicolasdelarre-photography.com\/wp-content\/uploads\/2025\/01\/IMG_1088-vw1-scaled.jpg\" \/>\n\t<meta property=\"og:image:width\" content=\"1689\" \/>\n\t<meta property=\"og:image:height\" content=\"2560\" \/>\n\t<meta property=\"og:image:type\" content=\"image\/jpeg\" \/>\n<meta name=\"twitter:card\" content=\"summary_large_image\" \/>\n<meta name=\"twitter:label1\" content=\"Dur\u00e9e de lecture estim\u00e9e\" \/>\n\t<meta name=\"twitter:data1\" content=\"3 minutes\" \/>\n<script type=\"application\/ld+json\" class=\"yoast-schema-graph\">{\"@context\":\"https:\\\/\\\/schema.org\",\"@graph\":[{\"@type\":\"WebPage\",\"@id\":\"https:\\\/\\\/nicolasdelarre-photography.com\\\/?page_id=52\",\"url\":\"https:\\\/\\\/nicolasdelarre-photography.com\\\/?page_id=52\",\"name\":\"Miroirs - Nicolas Delarre Photography\",\"isPartOf\":{\"@id\":\"https:\\\/\\\/nicolasdelarre-photography.com\\\/#website\"},\"primaryImageOfPage\":{\"@id\":\"https:\\\/\\\/nicolasdelarre-photography.com\\\/?page_id=52#primaryimage\"},\"image\":{\"@id\":\"https:\\\/\\\/nicolasdelarre-photography.com\\\/?page_id=52#primaryimage\"},\"thumbnailUrl\":\"https:\\\/\\\/nicolasdelarre-photography.com\\\/wp-content\\\/uploads\\\/2025\\\/01\\\/IMG_1088-vw1-676x1024.jpg\",\"datePublished\":\"2022-06-24T15:03:52+00:00\",\"dateModified\":\"2026-01-29T18:32:13+00:00\",\"description\":\"Photography Miroirs\",\"breadcrumb\":{\"@id\":\"https:\\\/\\\/nicolasdelarre-photography.com\\\/?page_id=52#breadcrumb\"},\"inLanguage\":\"fr-FR\",\"potentialAction\":[{\"@type\":\"ReadAction\",\"target\":[\"https:\\\/\\\/nicolasdelarre-photography.com\\\/?page_id=52\"]}]},{\"@type\":\"ImageObject\",\"inLanguage\":\"fr-FR\",\"@id\":\"https:\\\/\\\/nicolasdelarre-photography.com\\\/?page_id=52#primaryimage\",\"url\":\"https:\\\/\\\/nicolasdelarre-photography.com\\\/wp-content\\\/uploads\\\/2025\\\/01\\\/IMG_1088-vw1-scaled.jpg\",\"contentUrl\":\"https:\\\/\\\/nicolasdelarre-photography.com\\\/wp-content\\\/uploads\\\/2025\\\/01\\\/IMG_1088-vw1-scaled.jpg\",\"width\":1689,\"height\":2560,\"caption\":\"L'\u00e9glise Saint-Charles-Borrom\u00e9e de Vienne.\"},{\"@type\":\"BreadcrumbList\",\"@id\":\"https:\\\/\\\/nicolasdelarre-photography.com\\\/?page_id=52#breadcrumb\",\"itemListElement\":[{\"@type\":\"ListItem\",\"position\":1,\"name\":\"Accueil\",\"item\":\"https:\\\/\\\/nicolasdelarre-photography.com\\\/\"},{\"@type\":\"ListItem\",\"position\":2,\"name\":\"Miroirs\"}]},{\"@type\":\"WebSite\",\"@id\":\"https:\\\/\\\/nicolasdelarre-photography.com\\\/#website\",\"url\":\"https:\\\/\\\/nicolasdelarre-photography.com\\\/\",\"name\":\"Nicolas Delarre Photography\",\"description\":\"\",\"potentialAction\":[{\"@type\":\"SearchAction\",\"target\":{\"@type\":\"EntryPoint\",\"urlTemplate\":\"https:\\\/\\\/nicolasdelarre-photography.com\\\/?s={search_term_string}\"},\"query-input\":{\"@type\":\"PropertyValueSpecification\",\"valueRequired\":true,\"valueName\":\"search_term_string\"}}],\"inLanguage\":\"fr-FR\"}]}<\/script>\n<!-- \/ Yoast SEO plugin. -->","yoast_head_json":{"title":"Miroirs - Nicolas Delarre Photography","description":"Photography Miroirs","robots":{"index":"index","follow":"follow","max-snippet":"max-snippet:-1","max-image-preview":"max-image-preview:large","max-video-preview":"max-video-preview:-1"},"canonical":"https:\/\/nicolasdelarre-photography.com\/?page_id=52","og_locale":"fr_FR","og_type":"article","og_title":"Miroirs - Nicolas Delarre Photography","og_description":"Photography Miroirs","og_url":"https:\/\/nicolasdelarre-photography.com\/?page_id=52","og_site_name":"Nicolas Delarre Photography","article_modified_time":"2026-01-29T18:32:13+00:00","og_image":[{"width":1689,"height":2560,"url":"https:\/\/nicolasdelarre-photography.com\/wp-content\/uploads\/2025\/01\/IMG_1088-vw1-scaled.jpg","type":"image\/jpeg"}],"twitter_card":"summary_large_image","twitter_misc":{"Dur\u00e9e de lecture estim\u00e9e":"3 minutes"},"schema":{"@context":"https:\/\/schema.org","@graph":[{"@type":"WebPage","@id":"https:\/\/nicolasdelarre-photography.com\/?page_id=52","url":"https:\/\/nicolasdelarre-photography.com\/?page_id=52","name":"Miroirs - Nicolas Delarre Photography","isPartOf":{"@id":"https:\/\/nicolasdelarre-photography.com\/#website"},"primaryImageOfPage":{"@id":"https:\/\/nicolasdelarre-photography.com\/?page_id=52#primaryimage"},"image":{"@id":"https:\/\/nicolasdelarre-photography.com\/?page_id=52#primaryimage"},"thumbnailUrl":"https:\/\/nicolasdelarre-photography.com\/wp-content\/uploads\/2025\/01\/IMG_1088-vw1-676x1024.jpg","datePublished":"2022-06-24T15:03:52+00:00","dateModified":"2026-01-29T18:32:13+00:00","description":"Photography Miroirs","breadcrumb":{"@id":"https:\/\/nicolasdelarre-photography.com\/?page_id=52#breadcrumb"},"inLanguage":"fr-FR","potentialAction":[{"@type":"ReadAction","target":["https:\/\/nicolasdelarre-photography.com\/?page_id=52"]}]},{"@type":"ImageObject","inLanguage":"fr-FR","@id":"https:\/\/nicolasdelarre-photography.com\/?page_id=52#primaryimage","url":"https:\/\/nicolasdelarre-photography.com\/wp-content\/uploads\/2025\/01\/IMG_1088-vw1-scaled.jpg","contentUrl":"https:\/\/nicolasdelarre-photography.com\/wp-content\/uploads\/2025\/01\/IMG_1088-vw1-scaled.jpg","width":1689,"height":2560,"caption":"L'\u00e9glise Saint-Charles-Borrom\u00e9e de Vienne."},{"@type":"BreadcrumbList","@id":"https:\/\/nicolasdelarre-photography.com\/?page_id=52#breadcrumb","itemListElement":[{"@type":"ListItem","position":1,"name":"Accueil","item":"https:\/\/nicolasdelarre-photography.com\/"},{"@type":"ListItem","position":2,"name":"Miroirs"}]},{"@type":"WebSite","@id":"https:\/\/nicolasdelarre-photography.com\/#website","url":"https:\/\/nicolasdelarre-photography.com\/","name":"Nicolas Delarre Photography","description":"","potentialAction":[{"@type":"SearchAction","target":{"@type":"EntryPoint","urlTemplate":"https:\/\/nicolasdelarre-photography.com\/?s={search_term_string}"},"query-input":{"@type":"PropertyValueSpecification","valueRequired":true,"valueName":"search_term_string"}}],"inLanguage":"fr-FR"}]}},"_links":{"self":[{"href":"https:\/\/nicolasdelarre-photography.com\/index.php?rest_route=\/wp\/v2\/pages\/52","targetHints":{"allow":["GET"]}}],"collection":[{"href":"https:\/\/nicolasdelarre-photography.com\/index.php?rest_route=\/wp\/v2\/pages"}],"about":[{"href":"https:\/\/nicolasdelarre-photography.com\/index.php?rest_route=\/wp\/v2\/types\/page"}],"author":[{"embeddable":true,"href":"https:\/\/nicolasdelarre-photography.com\/index.php?rest_route=\/wp\/v2\/users\/1"}],"replies":[{"embeddable":true,"href":"https:\/\/nicolasdelarre-photography.com\/index.php?rest_route=%2Fwp%2Fv2%2Fcomments&post=52"}],"version-history":[{"count":135,"href":"https:\/\/nicolasdelarre-photography.com\/index.php?rest_route=\/wp\/v2\/pages\/52\/revisions"}],"predecessor-version":[{"id":1816,"href":"https:\/\/nicolasdelarre-photography.com\/index.php?rest_route=\/wp\/v2\/pages\/52\/revisions\/1816"}],"wp:attachment":[{"href":"https:\/\/nicolasdelarre-photography.com\/index.php?rest_route=%2Fwp%2Fv2%2Fmedia&parent=52"}],"curies":[{"name":"wp","href":"https:\/\/api.w.org\/{rel}","templated":true}]}}